{"id":8,"date":"2018-05-15T18:29:40","date_gmt":"2018-05-15T21:29:40","guid":{"rendered":"http:\/\/reluzdistribuidora.com.br\/loja\/?post_type=product&#038;p=8"},"modified":"2023-03-06T14:27:32","modified_gmt":"2023-03-06T17:27:32","slug":"shampoo-grandha-vector-force-300ml","status":"publish","type":"product","link":"https:\/\/reluzdistribuidora.com.br\/loja\/produto\/shampoo-grandha-vector-force-300ml\/","title":{"rendered":"Shampoo Grandha Vector Force 300ml -Grandha"},"content":{"rendered":"<p><strong>Vector Force<\/strong>\u00a0\u00e9 a linha de manuten\u00e7\u00e3o desenvolvida pela Grandha especialmente para as\u00a0<strong>mulheres que t\u00eam cabelos cacheados<\/strong>\u00a0e procuram estimul\u00e1-los e mant\u00ea-los hidratados. Cuidado di\u00e1rio para\u00a0<strong>cachos e textura naturais.\u00a0<\/strong>Liberado para\u00a0<strong>Low Poo<\/strong>!<\/p>\n<p>O\u00a0<strong>Vector Force Shampoo<\/strong>\u00a0exerce uma limpeza suave e equilibrada, sem o uso de sulfatos. Atua na remo\u00e7\u00e3o dos res\u00edduos mais intensos por meio da a\u00e7\u00e3o do Extrato de Aloe Vera que ajuda a esfoliar os fios sem degradar e prejudicar a fibra. As Especiarias Amaz\u00f4nicas atuam na lubrifica\u00e7\u00e3o e no favorecimento do desembara\u00e7o ainda com o pr\u00f3prio shampoo e o resultado \u00e9 sempre um cabelo limpo e de textura regularizada.<\/p>\n<div class=\"wpb_text_column wpb_content_element \">\n<div class=\"wpb_wrapper\">\n<ul>\n<li>Cuidado do\u00a0<strong>cabelo cacheado<\/strong><strong>\u200b<\/strong><\/li>\n<li><strong>\u200b\u200bMelhor\u00a0defini\u00e7\u00e3o dos cachos<\/strong><\/li>\n<\/ul>\n<\/div>\n<\/div>\n<div class=\"wpb_text_column wpb_content_element \">\n<div class=\"wpb_wrapper\">\n<p><strong>Principais Ativos<\/strong><\/p>\n<ul>\n<li>Pept\u00eddeos de Queratina<\/li>\n<li>Especiarias Amaz\u00f4nicas<\/li>\n<li>Extrato de Aloe Vera<\/li>\n<\/ul>\n<p><strong>Modo de usar:<\/strong>\u00a0Ap\u00f3s a aplica\u00e7\u00e3o, usar os dedos suavemente para desembara\u00e7ar os fios. Enx\u00e1gue<\/p>\n<\/div>\n<\/div>\n","protected":false},"excerpt":{"rendered":"<div class=\"wpb_text_column wpb_content_element \">\n<div class=\"wpb_wrapper\">\n<p>O Vector Force Shampoo\u00a0\u00e9 essencial para os cuidados di\u00e1rios dos cachos.<\/p>\n<\/div>\n<\/div>\n","protected":false},"featured_media":6573,"comment_status":"open","ping_status":"closed","template":"","meta":[],"product_cat":[491],"product_tag":[25,29,336,41,27,28],"_links":{"self":[{"href":"https:\/\/reluzdistribuidora.com.br\/loja\/wp-json\/wp\/v2\/product\/8"}],"collection":[{"href":"https:\/\/reluzdistribuidora.com.br\/loja\/wp-json\/wp\/v2\/product"}],"about":[{"href":"https:\/\/reluzdistribuidora.com.br\/loja\/wp-json\/wp\/v2\/types\/product"}],"replies":[{"embeddable":true,"href":"https:\/\/reluzdistribuidora.com.br\/loja\/wp-json\/wp\/v2\/comments?post=8"}],"version-history":[{"count":1,"href":"https:\/\/reluzdistribuidora.com.br\/loja\/wp-json\/wp\/v2\/product\/8\/revisions"}],"predecessor-version":[{"id":7528,"href":"https:\/\/reluzdistribuidora.com.br\/loja\/wp-json\/wp\/v2\/product\/8\/revisions\/7528"}],"wp:featuredmedia":[{"embeddable":true,"href":"https:\/\/reluzdistribuidora.com.br\/loja\/wp-json\/wp\/v2\/media\/6573"}],"wp:attachment":[{"href":"https:\/\/reluzdistribuidora.com.br\/loja\/wp-json\/wp\/v2\/media?parent=8"}],"wp:term":[{"taxonomy":"product_cat","embeddable":true,"href":"https:\/\/reluzdistribuidora.com.br\/loja\/wp-json\/wp\/v2\/product_cat?post=8"},{"taxonomy":"product_tag","embeddable":true,"href":"https:\/\/reluzdistribuidora.com.br\/loja\/wp-json\/wp\/v2\/product_tag?post=8"}],"curies":[{"name":"wp","href":"https:\/\/api.w.org\/{rel}","templated":true}]}}