{"id":6829,"date":"2022-01-24T15:09:45","date_gmt":"2022-01-24T18:09:45","guid":{"rendered":"https:\/\/reluzdistribuidora.com.br\/loja\/?post_type=product&#038;p=6829"},"modified":"2023-03-06T10:51:11","modified_gmt":"2023-03-06T13:51:11","slug":"volcano-power-growth-factors-30ml-grandha","status":"publish","type":"product","link":"https:\/\/reluzdistribuidora.com.br\/loja\/produto\/volcano-power-growth-factors-30ml-grandha\/","title":{"rendered":"Volcano Power Growth Factors 30ml &#8211; Grandha"},"content":{"rendered":"<p>A linha Vita Hominis \u00e9 a linha masculina da Grandha para barba e cabelo. A verdadeira ess\u00eancia do homem, traduzida numa experi\u00eancia elegante e sofisticada.<\/p>\n<p>O\u00a0<strong>Vulcano Power Growith Factors\u00a0<\/strong>carrega consigo um complexo conjunto de fatores e confatores de crescimento nanoparticulados. Este conjunto \u00e9 biocompat\u00edvel com a pele e enriquecido com \u00f3leos essenciais delicadamente selecionados, tais como: tomilho, lavanda, hortel\u00e3-pimenta e alecrim. Este blend excepcional d\u00e1 f\u00f3rmula a um sistema inteligente de libera\u00e7\u00e3o\u00a0 controlada, o qual favorece o metabolismo folicular e acelera o crescimento dos pelos. Uma barba mais forte, densa e marcante para o homem urbano.<\/p>\n","protected":false},"excerpt":{"rendered":"<p>Estimula o crescimento da barba ao fortalecer e biomodular o fol\u00edculo piloso.<\/p>\n","protected":false},"featured_media":6831,"comment_status":"open","ping_status":"closed","template":"","meta":[],"product_cat":[489],"product_tag":[678],"_links":{"self":[{"href":"https:\/\/reluzdistribuidora.com.br\/loja\/wp-json\/wp\/v2\/product\/6829"}],"collection":[{"href":"https:\/\/reluzdistribuidora.com.br\/loja\/wp-json\/wp\/v2\/product"}],"about":[{"href":"https:\/\/reluzdistribuidora.com.br\/loja\/wp-json\/wp\/v2\/types\/product"}],"replies":[{"embeddable":true,"href":"https:\/\/reluzdistribuidora.com.br\/loja\/wp-json\/wp\/v2\/comments?post=6829"}],"version-history":[{"count":2,"href":"https:\/\/reluzdistribuidora.com.br\/loja\/wp-json\/wp\/v2\/product\/6829\/revisions"}],"predecessor-version":[{"id":8042,"href":"https:\/\/reluzdistribuidora.com.br\/loja\/wp-json\/wp\/v2\/product\/6829\/revisions\/8042"}],"wp:featuredmedia":[{"embeddable":true,"href":"https:\/\/reluzdistribuidora.com.br\/loja\/wp-json\/wp\/v2\/media\/6831"}],"wp:attachment":[{"href":"https:\/\/reluzdistribuidora.com.br\/loja\/wp-json\/wp\/v2\/media?parent=6829"}],"wp:term":[{"taxonomy":"product_cat","embeddable":true,"href":"https:\/\/reluzdistribuidora.com.br\/loja\/wp-json\/wp\/v2\/product_cat?post=6829"},{"taxonomy":"product_tag","embeddable":true,"href":"https:\/\/reluzdistribuidora.com.br\/loja\/wp-json\/wp\/v2\/product_tag?post=6829"}],"curies":[{"name":"wp","href":"https:\/\/api.w.org\/{rel}","templated":true}]}}