{"id":6825,"date":"2022-01-24T14:45:39","date_gmt":"2022-01-24T17:45:39","guid":{"rendered":"https:\/\/reluzdistribuidora.com.br\/loja\/?post_type=product&#038;p=6825"},"modified":"2023-03-06T10:52:40","modified_gmt":"2023-03-06T13:52:40","slug":"maxi-bonder-styling-gel-100g-grandha","status":"publish","type":"product","link":"https:\/\/reluzdistribuidora.com.br\/loja\/produto\/maxi-bonder-styling-gel-100g-grandha\/","title":{"rendered":"Maxi Bonder Styling Gel 100g &#8211; Grandha"},"content":{"rendered":"<p>A linha Vita Hominis \u00e9 a linha masculina da Grandha para barba e cabelo. A verdadeira ess\u00eancia do homem, traduzida numa experi\u00eancia elegante e sofisticada.<\/p>\n<p>Com uma f\u00f3rmula minimalista de m\u00e1xima fixa\u00e7\u00e3o, que se destaca pela textura e potencial de estiliza\u00e7\u00e3o dos cabelos, assim como por sua fragr\u00e2ncia sofisticada, apoiada em concentra\u00e7\u00f5es personalizadas dos \u00f3leos essenciais de s\u00e2ndalo e patchouli. Um toque especial para real\u00e7ar a beleza e os tra\u00e7os do homem urbano.<\/p>\n","protected":false},"excerpt":{"rendered":"<p>Gel estilizador de m\u00e1xima fixa\u00e7\u00e3o. Dermatologicamente testado.<\/p>\n","protected":false},"featured_media":6826,"comment_status":"open","ping_status":"closed","template":"","meta":[],"product_cat":[491],"product_tag":[214],"_links":{"self":[{"href":"https:\/\/reluzdistribuidora.com.br\/loja\/wp-json\/wp\/v2\/product\/6825"}],"collection":[{"href":"https:\/\/reluzdistribuidora.com.br\/loja\/wp-json\/wp\/v2\/product"}],"about":[{"href":"https:\/\/reluzdistribuidora.com.br\/loja\/wp-json\/wp\/v2\/types\/product"}],"replies":[{"embeddable":true,"href":"https:\/\/reluzdistribuidora.com.br\/loja\/wp-json\/wp\/v2\/comments?post=6825"}],"version-history":[{"count":1,"href":"https:\/\/reluzdistribuidora.com.br\/loja\/wp-json\/wp\/v2\/product\/6825\/revisions"}],"predecessor-version":[{"id":8043,"href":"https:\/\/reluzdistribuidora.com.br\/loja\/wp-json\/wp\/v2\/product\/6825\/revisions\/8043"}],"wp:featuredmedia":[{"embeddable":true,"href":"https:\/\/reluzdistribuidora.com.br\/loja\/wp-json\/wp\/v2\/media\/6826"}],"wp:attachment":[{"href":"https:\/\/reluzdistribuidora.com.br\/loja\/wp-json\/wp\/v2\/media?parent=6825"}],"wp:term":[{"taxonomy":"product_cat","embeddable":true,"href":"https:\/\/reluzdistribuidora.com.br\/loja\/wp-json\/wp\/v2\/product_cat?post=6825"},{"taxonomy":"product_tag","embeddable":true,"href":"https:\/\/reluzdistribuidora.com.br\/loja\/wp-json\/wp\/v2\/product_tag?post=6825"}],"curies":[{"name":"wp","href":"https:\/\/api.w.org\/{rel}","templated":true}]}}