{"id":6823,"date":"2022-01-24T14:33:48","date_gmt":"2022-01-24T17:33:48","guid":{"rendered":"https:\/\/reluzdistribuidora.com.br\/loja\/?post_type=product&#038;p=6823"},"modified":"2023-04-10T12:14:27","modified_gmt":"2023-04-10T15:14:27","slug":"matte-pomade-fine-texture-85g-grandha","status":"publish","type":"product","link":"https:\/\/reluzdistribuidora.com.br\/loja\/produto\/matte-pomade-fine-texture-85g-grandha\/","title":{"rendered":"Matte Pomade Fine Texture 85g &#8211; Grandha"},"content":{"rendered":"<p>A linha Vita Hominis \u00e9 a linha masculina da Grandha para barba e cabelo. A verdadeira ess\u00eancia do homem, traduzida numa experi\u00eancia elegante e sofisticada.<\/p>\n<p><strong>Matte Pomade Fine Texture\u00a0<\/strong>possui formula\u00e7\u00e3o a base de \u00e1gua, exerce m\u00e9dia fixa\u00e7\u00e3o sem brilho. Destaca-se por sua textura e potencial de modelagem dos cabelos, assim como por sua fragr\u00e2ncia fina, apoiada em concentra\u00e7\u00f5es personalizadas dos \u00f3leos essenciais de s\u00e2ndalo e patchouli. Toque seco e aveludado para destacar os tra\u00e7os do homem urbano.<\/p>\n","protected":false},"excerpt":{"rendered":"<p>Pomada modeladora de textura fina. Dermatologicamente testada.<\/p>\n","protected":false},"featured_media":6824,"comment_status":"open","ping_status":"closed","template":"","meta":[],"product_cat":[491],"product_tag":[678,235,214],"_links":{"self":[{"href":"https:\/\/reluzdistribuidora.com.br\/loja\/wp-json\/wp\/v2\/product\/6823"}],"collection":[{"href":"https:\/\/reluzdistribuidora.com.br\/loja\/wp-json\/wp\/v2\/product"}],"about":[{"href":"https:\/\/reluzdistribuidora.com.br\/loja\/wp-json\/wp\/v2\/types\/product"}],"replies":[{"embeddable":true,"href":"https:\/\/reluzdistribuidora.com.br\/loja\/wp-json\/wp\/v2\/comments?post=6823"}],"version-history":[{"count":1,"href":"https:\/\/reluzdistribuidora.com.br\/loja\/wp-json\/wp\/v2\/product\/6823\/revisions"}],"predecessor-version":[{"id":8044,"href":"https:\/\/reluzdistribuidora.com.br\/loja\/wp-json\/wp\/v2\/product\/6823\/revisions\/8044"}],"wp:featuredmedia":[{"embeddable":true,"href":"https:\/\/reluzdistribuidora.com.br\/loja\/wp-json\/wp\/v2\/media\/6824"}],"wp:attachment":[{"href":"https:\/\/reluzdistribuidora.com.br\/loja\/wp-json\/wp\/v2\/media?parent=6823"}],"wp:term":[{"taxonomy":"product_cat","embeddable":true,"href":"https:\/\/reluzdistribuidora.com.br\/loja\/wp-json\/wp\/v2\/product_cat?post=6823"},{"taxonomy":"product_tag","embeddable":true,"href":"https:\/\/reluzdistribuidora.com.br\/loja\/wp-json\/wp\/v2\/product_tag?post=6823"}],"curies":[{"name":"wp","href":"https:\/\/api.w.org\/{rel}","templated":true}]}}