{"id":6821,"date":"2022-01-24T14:17:24","date_gmt":"2022-01-24T17:17:24","guid":{"rendered":"https:\/\/reluzdistribuidora.com.br\/loja\/?post_type=product&#038;p=6821"},"modified":"2023-03-06T10:53:30","modified_gmt":"2023-03-06T13:53:30","slug":"equalizer-gel-oiliness-control-50ml-grandha","status":"publish","type":"product","link":"https:\/\/reluzdistribuidora.com.br\/loja\/produto\/equalizer-gel-oiliness-control-50ml-grandha\/","title":{"rendered":"Equalizer Gel Oiliness Control 50ml &#8211; Grandha"},"content":{"rendered":"<p>A linha Vita Hominis \u00e9 a linha masculina da Grandha para barba e cabelo. A verdadeira ess\u00eancia do homem, traduzida numa experi\u00eancia elegante e sofisticada.<\/p>\n<p><strong>Dermocosm\u00e9tico <\/strong>de amplo espectro com\u00a0 uma associa\u00e7\u00e3o de ativos exclusivos para os cuidados de disfun\u00e7\u00f5es de oleosidade e repara\u00e7\u00e3o tecidual. O\u00a0<strong>Equalizer Gel Oiliness Control\u00a0\u00a0<\/strong>foi especialmente desenvolvido para os cuidados noturnos do rosto e do couro cabeludo. Promove simbiose de microbiota e regula\u00e7\u00e3o seb\u00e1cea por meio da sinergia dos pept\u00eddeos de cobre, fatores de crescimento queratol\u00edticos e da a\u00e7\u00e3o conjunta dos \u00f3leos essenciais de lavanda, palmarosa e patchouli. Combina\u00e7\u00e3o perfeita para um cuidado equilibrado da sa\u00fade e da beleza da pele do rosto e do couro cabeludo do homem urbano.<\/p>\n","protected":false},"excerpt":{"rendered":"<p>Gel equalizador para preven\u00e7\u00e3o de disfun\u00e7\u00f5es de oleosidade do rosto e couro cabeludo.<\/p>\n","protected":false},"featured_media":6822,"comment_status":"open","ping_status":"closed","template":"","meta":[],"product_cat":[491],"product_tag":[],"_links":{"self":[{"href":"https:\/\/reluzdistribuidora.com.br\/loja\/wp-json\/wp\/v2\/product\/6821"}],"collection":[{"href":"https:\/\/reluzdistribuidora.com.br\/loja\/wp-json\/wp\/v2\/product"}],"about":[{"href":"https:\/\/reluzdistribuidora.com.br\/loja\/wp-json\/wp\/v2\/types\/product"}],"replies":[{"embeddable":true,"href":"https:\/\/reluzdistribuidora.com.br\/loja\/wp-json\/wp\/v2\/comments?post=6821"}],"version-history":[{"count":1,"href":"https:\/\/reluzdistribuidora.com.br\/loja\/wp-json\/wp\/v2\/product\/6821\/revisions"}],"predecessor-version":[{"id":7871,"href":"https:\/\/reluzdistribuidora.com.br\/loja\/wp-json\/wp\/v2\/product\/6821\/revisions\/7871"}],"wp:featuredmedia":[{"embeddable":true,"href":"https:\/\/reluzdistribuidora.com.br\/loja\/wp-json\/wp\/v2\/media\/6822"}],"wp:attachment":[{"href":"https:\/\/reluzdistribuidora.com.br\/loja\/wp-json\/wp\/v2\/media?parent=6821"}],"wp:term":[{"taxonomy":"product_cat","embeddable":true,"href":"https:\/\/reluzdistribuidora.com.br\/loja\/wp-json\/wp\/v2\/product_cat?post=6821"},{"taxonomy":"product_tag","embeddable":true,"href":"https:\/\/reluzdistribuidora.com.br\/loja\/wp-json\/wp\/v2\/product_tag?post=6821"}],"curies":[{"name":"wp","href":"https:\/\/api.w.org\/{rel}","templated":true}]}}