{"id":6819,"date":"2022-01-24T14:05:10","date_gmt":"2022-01-24T17:05:10","guid":{"rendered":"https:\/\/reluzdistribuidora.com.br\/loja\/?post_type=product&#038;p=6819"},"modified":"2023-03-06T10:53:52","modified_gmt":"2023-03-06T13:53:52","slug":"crystal-sinergy-volumizing-shampoo-250ml-grandha","status":"publish","type":"product","link":"https:\/\/reluzdistribuidora.com.br\/loja\/produto\/crystal-sinergy-volumizing-shampoo-250ml-grandha\/","title":{"rendered":"Crystal Sinergy Volumizing Shampoo 250ml &#8211; Grandha"},"content":{"rendered":"<p>A linha Vita Hominis \u00e9 a linha masculina da Grandha para barba e cabelo. A verdadeira ess\u00eancia do homem, traduzida numa experi\u00eancia elegante e sofisticada.<\/p>\n<p><strong>Crystal Sinergy Volumizing Shampoo\u00a0<\/strong>uma formula\u00e7\u00e3o cosmec\u00eautica que se destaca por seu potencial de limpeza e experi\u00eancia olfativa marcante, caracterizada pela aplica\u00e7\u00e3o da fitoterapia. Conta com uma combina\u00e7\u00e3o elegante de \u00f3leos essenciais de bergamota, palmarosa, cravo folha e patchouli. Juntos, estes \u00f3leos promovem sensa\u00e7\u00f5es de descanso e conforto e regularizam a atividade seb\u00e1cea do couro cabeludo, al\u00e9m de preservarem a sa\u00fade e a boa apar\u00eancia do homem urbano.<\/p>\n","protected":false},"excerpt":{"rendered":"<p>Previne a oleosidade excessiva e destaca o volume dos cabelos.<\/p>\n","protected":false},"featured_media":6820,"comment_status":"open","ping_status":"closed","template":"","meta":[],"product_cat":[491],"product_tag":[],"_links":{"self":[{"href":"https:\/\/reluzdistribuidora.com.br\/loja\/wp-json\/wp\/v2\/product\/6819"}],"collection":[{"href":"https:\/\/reluzdistribuidora.com.br\/loja\/wp-json\/wp\/v2\/product"}],"about":[{"href":"https:\/\/reluzdistribuidora.com.br\/loja\/wp-json\/wp\/v2\/types\/product"}],"replies":[{"embeddable":true,"href":"https:\/\/reluzdistribuidora.com.br\/loja\/wp-json\/wp\/v2\/comments?post=6819"}],"version-history":[{"count":1,"href":"https:\/\/reluzdistribuidora.com.br\/loja\/wp-json\/wp\/v2\/product\/6819\/revisions"}],"predecessor-version":[{"id":8045,"href":"https:\/\/reluzdistribuidora.com.br\/loja\/wp-json\/wp\/v2\/product\/6819\/revisions\/8045"}],"wp:featuredmedia":[{"embeddable":true,"href":"https:\/\/reluzdistribuidora.com.br\/loja\/wp-json\/wp\/v2\/media\/6820"}],"wp:attachment":[{"href":"https:\/\/reluzdistribuidora.com.br\/loja\/wp-json\/wp\/v2\/media?parent=6819"}],"wp:term":[{"taxonomy":"product_cat","embeddable":true,"href":"https:\/\/reluzdistribuidora.com.br\/loja\/wp-json\/wp\/v2\/product_cat?post=6819"},{"taxonomy":"product_tag","embeddable":true,"href":"https:\/\/reluzdistribuidora.com.br\/loja\/wp-json\/wp\/v2\/product_tag?post=6819"}],"curies":[{"name":"wp","href":"https:\/\/api.w.org\/{rel}","templated":true}]}}