{"id":6813,"date":"2022-01-24T13:27:23","date_gmt":"2022-01-24T16:27:23","guid":{"rendered":"https:\/\/reluzdistribuidora.com.br\/loja\/?post_type=product&#038;p=6813"},"modified":"2023-03-06T10:54:50","modified_gmt":"2023-03-06T13:54:50","slug":"black-touch-shampoo-3x1-250ml-grandha","status":"publish","type":"product","link":"https:\/\/reluzdistribuidora.com.br\/loja\/produto\/black-touch-shampoo-3x1-250ml-grandha\/","title":{"rendered":"Black Touch Shampoo 3&#215;1 250ml &#8211; Grandha"},"content":{"rendered":"<p>A linha Vita Hominis \u00e9 a linha masculina da Grandha para barba e cabelo. A verdadeira ess\u00eancia do homem, traduzida numa experi\u00eancia elegante e sofisticada.<\/p>\n<p><strong>Black Touch Shampoo 3&#215;1\u00a0<\/strong>possui uma f\u00f3rmula sofisticada, com exclusiva a\u00e7\u00e3o antipoluente, para valorizar e rejuvenescer o homem. Associa\u00e7\u00e3o de corantes diretos para camuflar os fios brancos com efeito progressivo de deposi\u00e7\u00e3o. Eficiente para o escurecimento gradual da barba e dos cabelos. Uma fragr\u00e2ncia \u00fanica, apoiada em dosagens criteriosas dos \u00f3leos essenciais de s\u00e2ndalo e patchouli, para uma experi\u00eancia olfativa inigual\u00e1vel. Uma tonaliza\u00e7\u00e3o segura e duradoura para real\u00e7ar a beleza e eleg\u00e2ncia do homem urbano.<\/p>\n","protected":false},"excerpt":{"rendered":"<p>A linha Vita Hominis \u00e9 a linha masculina da Grandha para barba e cabelo. A verdadeira ess\u00eancia do homem, traduzida numa experi\u00eancia elegante e sofisticada. Black Touch Shampoo 3&#215;1\u00a0possui uma f\u00f3rmula sofisticada, com exclusiva a\u00e7\u00e3o antipoluente, para valorizar e rejuvenescer o homem. Associa\u00e7\u00e3o de corantes diretos para camuflar os fios brancos com efeito progressivo de [&hellip;]<\/p>\n","protected":false},"featured_media":6814,"comment_status":"open","ping_status":"closed","template":"","meta":[],"product_cat":[491],"product_tag":[235,201],"_links":{"self":[{"href":"https:\/\/reluzdistribuidora.com.br\/loja\/wp-json\/wp\/v2\/product\/6813"}],"collection":[{"href":"https:\/\/reluzdistribuidora.com.br\/loja\/wp-json\/wp\/v2\/product"}],"about":[{"href":"https:\/\/reluzdistribuidora.com.br\/loja\/wp-json\/wp\/v2\/types\/product"}],"replies":[{"embeddable":true,"href":"https:\/\/reluzdistribuidora.com.br\/loja\/wp-json\/wp\/v2\/comments?post=6813"}],"version-history":[{"count":1,"href":"https:\/\/reluzdistribuidora.com.br\/loja\/wp-json\/wp\/v2\/product\/6813\/revisions"}],"predecessor-version":[{"id":8046,"href":"https:\/\/reluzdistribuidora.com.br\/loja\/wp-json\/wp\/v2\/product\/6813\/revisions\/8046"}],"wp:featuredmedia":[{"embeddable":true,"href":"https:\/\/reluzdistribuidora.com.br\/loja\/wp-json\/wp\/v2\/media\/6814"}],"wp:attachment":[{"href":"https:\/\/reluzdistribuidora.com.br\/loja\/wp-json\/wp\/v2\/media?parent=6813"}],"wp:term":[{"taxonomy":"product_cat","embeddable":true,"href":"https:\/\/reluzdistribuidora.com.br\/loja\/wp-json\/wp\/v2\/product_cat?post=6813"},{"taxonomy":"product_tag","embeddable":true,"href":"https:\/\/reluzdistribuidora.com.br\/loja\/wp-json\/wp\/v2\/product_tag?post=6813"}],"curies":[{"name":"wp","href":"https:\/\/api.w.org\/{rel}","templated":true}]}}