{"id":6809,"date":"2022-01-24T13:11:58","date_gmt":"2022-01-24T16:11:58","guid":{"rendered":"https:\/\/reluzdistribuidora.com.br\/loja\/?post_type=product&#038;p=6809"},"modified":"2024-03-06T09:09:48","modified_gmt":"2024-03-06T12:09:48","slug":"after-shave-premium-tonic-vita-hominis-150ml-grandha","status":"publish","type":"product","link":"https:\/\/reluzdistribuidora.com.br\/loja\/produto\/after-shave-premium-tonic-vita-hominis-150ml-grandha\/","title":{"rendered":"After Shave Premium Tonic Vita Hominis 150ml &#8211; Grandha"},"content":{"rendered":"<p>A linha Vita Hominis \u00e9 a linha masculina da Grandha para barba e cabelo. A verdadeira ess\u00eancia do homem, traduzida numa experi\u00eancia elegante e sofisticada.<\/p>\n<p><strong>After Shave Premium Tonic Vita Hominis\u00a0<\/strong>cont\u00e9m sulu\u00e7\u00e3o hidroalco\u00f3lica que leva consigo uma preciosa associa\u00e7\u00e3o dos \u00f3leos essenciais de lavanda, eucalipto, s\u00e2ndalo e patchouli. Prov\u00ea sensa\u00e7\u00e3o de refresc\u00e2ncia extrema para uma finaliza\u00e7\u00e3o perfeita e segura, fundamental para um bom barbear. Um toque especial para destacar a beleza e eleg\u00e2ncia do homem urbano.<\/p>\n","protected":false},"excerpt":{"rendered":"<p>A linha Vita Hominis \u00e9 a linha masculina da Grandha para barba e cabelo. A verdadeira ess\u00eancia do homem, traduzida numa experi\u00eancia elegante e sofisticada. After Shave Premium Tonic Vita Hominis\u00a0cont\u00e9m sulu\u00e7\u00e3o hidroalco\u00f3lica que leva consigo uma preciosa associa\u00e7\u00e3o dos \u00f3leos essenciais de lavanda, eucalipto, s\u00e2ndalo e patchouli. Prov\u00ea sensa\u00e7\u00e3o de refresc\u00e2ncia extrema para uma [&hellip;]<\/p>\n","protected":false},"featured_media":8306,"comment_status":"open","ping_status":"closed","template":"","meta":[],"product_cat":[491],"product_tag":[],"_links":{"self":[{"href":"https:\/\/reluzdistribuidora.com.br\/loja\/wp-json\/wp\/v2\/product\/6809"}],"collection":[{"href":"https:\/\/reluzdistribuidora.com.br\/loja\/wp-json\/wp\/v2\/product"}],"about":[{"href":"https:\/\/reluzdistribuidora.com.br\/loja\/wp-json\/wp\/v2\/types\/product"}],"replies":[{"embeddable":true,"href":"https:\/\/reluzdistribuidora.com.br\/loja\/wp-json\/wp\/v2\/comments?post=6809"}],"version-history":[{"count":1,"href":"https:\/\/reluzdistribuidora.com.br\/loja\/wp-json\/wp\/v2\/product\/6809\/revisions"}],"predecessor-version":[{"id":8047,"href":"https:\/\/reluzdistribuidora.com.br\/loja\/wp-json\/wp\/v2\/product\/6809\/revisions\/8047"}],"wp:featuredmedia":[{"embeddable":true,"href":"https:\/\/reluzdistribuidora.com.br\/loja\/wp-json\/wp\/v2\/media\/8306"}],"wp:attachment":[{"href":"https:\/\/reluzdistribuidora.com.br\/loja\/wp-json\/wp\/v2\/media?parent=6809"}],"wp:term":[{"taxonomy":"product_cat","embeddable":true,"href":"https:\/\/reluzdistribuidora.com.br\/loja\/wp-json\/wp\/v2\/product_cat?post=6809"},{"taxonomy":"product_tag","embeddable":true,"href":"https:\/\/reluzdistribuidora.com.br\/loja\/wp-json\/wp\/v2\/product_tag?post=6809"}],"curies":[{"name":"wp","href":"https:\/\/api.w.org\/{rel}","templated":true}]}}