{"id":6806,"date":"2022-01-24T12:49:25","date_gmt":"2022-01-24T15:49:25","guid":{"rendered":"https:\/\/reluzdistribuidora.com.br\/loja\/?post_type=product&#038;p=6806"},"modified":"2023-03-06T10:55:54","modified_gmt":"2023-03-06T13:55:54","slug":"texture-shine-beard-oil-30ml-grandha","status":"publish","type":"product","link":"https:\/\/reluzdistribuidora.com.br\/loja\/produto\/texture-shine-beard-oil-30ml-grandha\/","title":{"rendered":"Texture &#038; Shine Beard Oil 30ml &#8211; Grandha"},"content":{"rendered":"<p>A linha Vita Hominis \u00e9 a linha masculina da Grandha para barba e cabelo. A verdadeira ess\u00eancia do homem, traduzida numa experi\u00eancia elegante e sofisticada.<\/p>\n<p><strong>Texture &amp; Shine Beard Oil\u00a0<\/strong>apoia-se em concentra\u00e7\u00f5es personalizadas de \u00f3leos essenciais de s\u00e2ndalo e patchouli. S\u00edlica especial para destacar brilho e textura da barba. Um toque especial para destacar os tra\u00e7os e a personalidade marcante do homem urbano.<\/p>\n","protected":false},"excerpt":{"rendered":"<p>S\u00edlica especial para otimiza\u00e7\u00e3o de brilho e textura da barba.<\/p>\n","protected":false},"featured_media":6807,"comment_status":"open","ping_status":"closed","template":"","meta":[],"product_cat":[489],"product_tag":[678,679],"_links":{"self":[{"href":"https:\/\/reluzdistribuidora.com.br\/loja\/wp-json\/wp\/v2\/product\/6806"}],"collection":[{"href":"https:\/\/reluzdistribuidora.com.br\/loja\/wp-json\/wp\/v2\/product"}],"about":[{"href":"https:\/\/reluzdistribuidora.com.br\/loja\/wp-json\/wp\/v2\/types\/product"}],"replies":[{"embeddable":true,"href":"https:\/\/reluzdistribuidora.com.br\/loja\/wp-json\/wp\/v2\/comments?post=6806"}],"version-history":[{"count":2,"href":"https:\/\/reluzdistribuidora.com.br\/loja\/wp-json\/wp\/v2\/product\/6806\/revisions"}],"predecessor-version":[{"id":8048,"href":"https:\/\/reluzdistribuidora.com.br\/loja\/wp-json\/wp\/v2\/product\/6806\/revisions\/8048"}],"wp:featuredmedia":[{"embeddable":true,"href":"https:\/\/reluzdistribuidora.com.br\/loja\/wp-json\/wp\/v2\/media\/6807"}],"wp:attachment":[{"href":"https:\/\/reluzdistribuidora.com.br\/loja\/wp-json\/wp\/v2\/media?parent=6806"}],"wp:term":[{"taxonomy":"product_cat","embeddable":true,"href":"https:\/\/reluzdistribuidora.com.br\/loja\/wp-json\/wp\/v2\/product_cat?post=6806"},{"taxonomy":"product_tag","embeddable":true,"href":"https:\/\/reluzdistribuidora.com.br\/loja\/wp-json\/wp\/v2\/product_tag?post=6806"}],"curies":[{"name":"wp","href":"https:\/\/api.w.org\/{rel}","templated":true}]}}