{"id":4555,"date":"2021-06-28T11:30:47","date_gmt":"2021-06-28T14:30:47","guid":{"rendered":"https:\/\/reluzdistribuidora.com.br\/loja\/?post_type=product&#038;p=4555"},"modified":"2023-01-30T13:43:46","modified_gmt":"2023-01-30T16:43:46","slug":"oil-extract-green-tea-extrato-oleoso-de-cha-verde-130ml-grandha","status":"publish","type":"product","link":"https:\/\/reluzdistribuidora.com.br\/loja\/produto\/oil-extract-green-tea-extrato-oleoso-de-cha-verde-130ml-grandha\/","title":{"rendered":"Oil Extract Green Tea: Extrato Oleoso de Ch\u00e1 Verde 130ml &#8211; Grandha"},"content":{"rendered":"<p>O Oil Extract Green Tea \u00e9 produzido a partir da infus\u00e3o das folhas da planta <em>Camellia sinensis<\/em>\u00a0e \u00e9 chamado de verde porque as folhas desta erva sofrem pouqu\u00edssima oxida\u00e7\u00e3o durante seu processamento. Este extrato possui 4 poderosos grupos de polifenois, conhecidos como catequinas (EC, ECG, EGC e EGCG) e \u00e9 rico em taninos que fazem diminuir as taxas de LDL (colesterol ruim), fortalecendo as art\u00e9rias e as veias, a fim de contribuir para a preven\u00e7\u00e3o de doen\u00e7as card\u00edacas e circulat\u00f3rias. Tamb\u00e9m possui mangan\u00eas, pot\u00e1ssio, \u00e1cido f\u00f3lico, vitamina C, vitamina K, vitamina B1, vitamina B2 e alta dosagem de cafe\u00edna. Possui propriedades antioxidantes, adstringentes, anti-inflamat\u00f3rias, antibacterianas, antilip\u00eamicas, hipotensivas, antidiab\u00e9ticas e antimutag\u00eanicas.<\/p>\n","protected":false},"excerpt":{"rendered":"<p>Na pele, \u00e9 um fotoprotetor end\u00f3geno e evita os efeitos nocivos da exposi\u00e7\u00e3o ao sol. Nos cabelos, \u00e9 um t\u00f4nico revigorante e contribui com o prolongamento da fase an\u00e1gena dos cabelos.<\/p>\n","protected":false},"featured_media":4556,"comment_status":"open","ping_status":"closed","template":"","meta":[],"product_cat":[16,491,20,492],"product_tag":[221,62,34],"_links":{"self":[{"href":"https:\/\/reluzdistribuidora.com.br\/loja\/wp-json\/wp\/v2\/product\/4555"}],"collection":[{"href":"https:\/\/reluzdistribuidora.com.br\/loja\/wp-json\/wp\/v2\/product"}],"about":[{"href":"https:\/\/reluzdistribuidora.com.br\/loja\/wp-json\/wp\/v2\/types\/product"}],"replies":[{"embeddable":true,"href":"https:\/\/reluzdistribuidora.com.br\/loja\/wp-json\/wp\/v2\/comments?post=4555"}],"version-history":[{"count":1,"href":"https:\/\/reluzdistribuidora.com.br\/loja\/wp-json\/wp\/v2\/product\/4555\/revisions"}],"predecessor-version":[{"id":7410,"href":"https:\/\/reluzdistribuidora.com.br\/loja\/wp-json\/wp\/v2\/product\/4555\/revisions\/7410"}],"wp:featuredmedia":[{"embeddable":true,"href":"https:\/\/reluzdistribuidora.com.br\/loja\/wp-json\/wp\/v2\/media\/4556"}],"wp:attachment":[{"href":"https:\/\/reluzdistribuidora.com.br\/loja\/wp-json\/wp\/v2\/media?parent=4555"}],"wp:term":[{"taxonomy":"product_cat","embeddable":true,"href":"https:\/\/reluzdistribuidora.com.br\/loja\/wp-json\/wp\/v2\/product_cat?post=4555"},{"taxonomy":"product_tag","embeddable":true,"href":"https:\/\/reluzdistribuidora.com.br\/loja\/wp-json\/wp\/v2\/product_tag?post=4555"}],"curies":[{"name":"wp","href":"https:\/\/api.w.org\/{rel}","templated":true}]}}