{"id":3890,"date":"2020-10-19T12:03:04","date_gmt":"2020-10-19T15:03:04","guid":{"rendered":"https:\/\/reluzdistribuidora.com.br\/loja\/?post_type=product&#038;p=3890"},"modified":"2023-03-06T11:00:29","modified_gmt":"2023-03-06T14:00:29","slug":"creme-finalizador-cuidados-com-as-maos-60g-grandha","status":"publish","type":"product","link":"https:\/\/reluzdistribuidora.com.br\/loja\/produto\/creme-finalizador-cuidados-com-as-maos-60g-grandha\/","title":{"rendered":"Creme Finalizador Cuidados com as M\u00e3os 60g &#8211; Grandha"},"content":{"rendered":"<p>O Creme Finalizador para o cuidado das M\u00e3os de Alkymia di Grandha foi delicadamente formulado com \u00f3leos essenciais de Ger\u00e2nio, Lavanda Francesa e Pimenta Rosa, carreados por \u00f3leos vegetais especiais para o cuidado e para a renova\u00e7\u00e3o da pele; <strong>rosa mosqueta, avel\u00e3 e am\u00eandoas<\/strong>. Sua F\u00f3rmula prioriza a prote\u00e7\u00e3o e a preserva\u00e7\u00e3o da microbiota da pele ao combinar amino\u00e1cidos essenciais e PCA-Na com extratos glic\u00f3licos de <strong>Aloe vera, Cal\u00eandula e Camomila<\/strong>. Previne microinflama\u00e7\u00f5es e otimiza a textura e as condi\u00e7\u00f5es gerais da pele.<\/p>\n<h4>Possui \u00d3leos Essenciais de<\/h4>\n<p>&#8211; \u00d3leo Essencial de Ger\u00e2nio;<br \/>\n&#8211; \u00d3leo Essencial de Lavanda Francesa<br \/>\n&#8211; \u00d3leo Essencial de Pimenta Rosa<\/p>\n","protected":false},"excerpt":{"rendered":"<p>O Creme Finalizador para o cuidado das M\u00e3os de Alkymia di Grandha foi delicadamente formulado com \u00f3leos essenciais de Ger\u00e2nio, Lavanda Francesa e Pimenta Rosa, carreados por \u00f3leos vegetais especiais para o cuidado e para a renova\u00e7\u00e3o da pele; rosa mosqueta, avel\u00e3 e am\u00eandoas. Sua F\u00f3rmula prioriza a prote\u00e7\u00e3o e a preserva\u00e7\u00e3o da microbiota da [&hellip;]<\/p>\n","protected":false},"featured_media":3891,"comment_status":"open","ping_status":"closed","template":"","meta":[],"product_cat":[489],"product_tag":[152,29,430],"_links":{"self":[{"href":"https:\/\/reluzdistribuidora.com.br\/loja\/wp-json\/wp\/v2\/product\/3890"}],"collection":[{"href":"https:\/\/reluzdistribuidora.com.br\/loja\/wp-json\/wp\/v2\/product"}],"about":[{"href":"https:\/\/reluzdistribuidora.com.br\/loja\/wp-json\/wp\/v2\/types\/product"}],"replies":[{"embeddable":true,"href":"https:\/\/reluzdistribuidora.com.br\/loja\/wp-json\/wp\/v2\/comments?post=3890"}],"version-history":[{"count":1,"href":"https:\/\/reluzdistribuidora.com.br\/loja\/wp-json\/wp\/v2\/product\/3890\/revisions"}],"predecessor-version":[{"id":7420,"href":"https:\/\/reluzdistribuidora.com.br\/loja\/wp-json\/wp\/v2\/product\/3890\/revisions\/7420"}],"wp:featuredmedia":[{"embeddable":true,"href":"https:\/\/reluzdistribuidora.com.br\/loja\/wp-json\/wp\/v2\/media\/3891"}],"wp:attachment":[{"href":"https:\/\/reluzdistribuidora.com.br\/loja\/wp-json\/wp\/v2\/media?parent=3890"}],"wp:term":[{"taxonomy":"product_cat","embeddable":true,"href":"https:\/\/reluzdistribuidora.com.br\/loja\/wp-json\/wp\/v2\/product_cat?post=3890"},{"taxonomy":"product_tag","embeddable":true,"href":"https:\/\/reluzdistribuidora.com.br\/loja\/wp-json\/wp\/v2\/product_tag?post=3890"}],"curies":[{"name":"wp","href":"https:\/\/api.w.org\/{rel}","templated":true}]}}