{"id":3888,"date":"2020-10-19T11:52:53","date_gmt":"2020-10-19T14:52:53","guid":{"rendered":"https:\/\/reluzdistribuidora.com.br\/loja\/?post_type=product&#038;p=3888"},"modified":"2023-03-06T11:00:46","modified_gmt":"2023-03-06T14:00:46","slug":"creme-finalizador-para-o-cuidado-dos-pes-150g-grandha","status":"publish","type":"product","link":"https:\/\/reluzdistribuidora.com.br\/loja\/produto\/creme-finalizador-para-o-cuidado-dos-pes-150g-grandha\/","title":{"rendered":"Creme Finalizador para o Cuidado dos P\u00e9s 150g &#8211; Grandha"},"content":{"rendered":"<p>O <strong>Creme Finalizador para o Cuidados dos P\u00e9s<\/strong>, de Alkymia di Grandha, foi especialmente formulado com \u00f3leos essenciais de lavanda francesa, melaleuca e cravo folha, carreados por \u00f3leos vegetais de cal\u00eandula, arnica e am\u00eandoa; espec\u00edficos para o cuidado e renova\u00e7\u00e3o da pele dos p\u00e9s. Sua f\u00f3rmula prioriza a preven\u00e7\u00e3o do mau odor e a neutraliza\u00e7\u00e3o do cansa\u00e7o, associando extratos glic\u00f3licos de arnica, cal\u00eandula e barbatim\u00e3o de a\u00e7\u00e3o anti-inflamat\u00f3ria e energizante para os p\u00e9s.<\/p>\n<h4>Possui \u00d3leos Essenciais de<\/h4>\n<div class=\"info-box-content\">\n<ul>\n<li>Lavanda Francesa<\/li>\n<li>Melaleuca<\/li>\n<li>Cravo Folha<\/li>\n<\/ul>\n<\/div>\n","protected":false},"excerpt":{"rendered":"<p>O Creme Finalizador para o Cuidados dos P\u00e9s, de Alkymia di Grandha, foi especialmente formulado com \u00f3leos essenciais de lavanda francesa, melaleuca e cravo folha, carreados por \u00f3leos vegetais de cal\u00eandula, arnica e am\u00eandoa; espec\u00edficos para o cuidado e renova\u00e7\u00e3o da pele dos p\u00e9s. Sua f\u00f3rmula prioriza a preven\u00e7\u00e3o do mau odor e a neutraliza\u00e7\u00e3o [&hellip;]<\/p>\n","protected":false},"featured_media":3889,"comment_status":"open","ping_status":"closed","template":"","meta":[],"product_cat":[489],"product_tag":[152,29,104,429],"_links":{"self":[{"href":"https:\/\/reluzdistribuidora.com.br\/loja\/wp-json\/wp\/v2\/product\/3888"}],"collection":[{"href":"https:\/\/reluzdistribuidora.com.br\/loja\/wp-json\/wp\/v2\/product"}],"about":[{"href":"https:\/\/reluzdistribuidora.com.br\/loja\/wp-json\/wp\/v2\/types\/product"}],"replies":[{"embeddable":true,"href":"https:\/\/reluzdistribuidora.com.br\/loja\/wp-json\/wp\/v2\/comments?post=3888"}],"version-history":[{"count":1,"href":"https:\/\/reluzdistribuidora.com.br\/loja\/wp-json\/wp\/v2\/product\/3888\/revisions"}],"predecessor-version":[{"id":7421,"href":"https:\/\/reluzdistribuidora.com.br\/loja\/wp-json\/wp\/v2\/product\/3888\/revisions\/7421"}],"wp:featuredmedia":[{"embeddable":true,"href":"https:\/\/reluzdistribuidora.com.br\/loja\/wp-json\/wp\/v2\/media\/3889"}],"wp:attachment":[{"href":"https:\/\/reluzdistribuidora.com.br\/loja\/wp-json\/wp\/v2\/media?parent=3888"}],"wp:term":[{"taxonomy":"product_cat","embeddable":true,"href":"https:\/\/reluzdistribuidora.com.br\/loja\/wp-json\/wp\/v2\/product_cat?post=3888"},{"taxonomy":"product_tag","embeddable":true,"href":"https:\/\/reluzdistribuidora.com.br\/loja\/wp-json\/wp\/v2\/product_tag?post=3888"}],"curies":[{"name":"wp","href":"https:\/\/api.w.org\/{rel}","templated":true}]}}