{"id":3886,"date":"2020-10-19T11:49:44","date_gmt":"2020-10-19T14:49:44","guid":{"rendered":"https:\/\/reluzdistribuidora.com.br\/loja\/?post_type=product&#038;p=3886"},"modified":"2023-04-10T12:29:28","modified_gmt":"2023-04-10T15:29:28","slug":"sabonete-hidratante-para-o-rosto-120ml-grandha","status":"publish","type":"product","link":"https:\/\/reluzdistribuidora.com.br\/loja\/produto\/sabonete-hidratante-para-o-rosto-120ml-grandha\/","title":{"rendered":"Sabonete Hidratante Para o Rosto 120ml &#8211; Grandha"},"content":{"rendered":"<p>O <strong>Sabonete Hidratante para o Rosto<\/strong> de Alkymia di Grandha promove limpeza hidratante, suave e delicada para pele, integrando 3 importantes elementos que atuam na melhoria geral da pele do rosto. A aplica\u00e7\u00e3o do \u00f3leo essencial de lavanda francesa, associado ao \u00f3leo vegetal de rosa mosqueta, garante um suave clareamento e otimiza\u00e7\u00e3o da textura da pele. Sua f\u00f3rmula conta ainda com uma dose extra de argila branca que, com confort\u00e1vel a\u00e7\u00e3o limpante, tonifica a estrutura da pele com o m\u00e1ximo de maciez e sedosidade. Produto especialmente desenvolvido para os procedimentos de terapias integrativas. Dermatologicamente testado.<\/p>\n<h4>Possui Elementos Essenciais de<\/h4>\n<div class=\"info-box-content\">\n<ul>\n<li>Lavanda Francesa<\/li>\n<li>Rosa Mosqueta<\/li>\n<li>Argila Branca<\/li>\n<\/ul>\n<\/div>\n","protected":false},"excerpt":{"rendered":"<p>O Sabonete Hidratante para o Rosto de Alkymia di Grandha promove limpeza hidratante, suave e delicada para pele, integrando 3 importantes elementos que atuam na melhoria geral da pele do rosto. A aplica\u00e7\u00e3o do \u00f3leo essencial de lavanda francesa, associado ao \u00f3leo vegetal de rosa mosqueta, garante um suave clareamento e otimiza\u00e7\u00e3o da textura da [&hellip;]<\/p>\n","protected":false},"featured_media":3887,"comment_status":"open","ping_status":"closed","template":"","meta":[],"product_cat":[489],"product_tag":[29,427,117,428,137],"_links":{"self":[{"href":"https:\/\/reluzdistribuidora.com.br\/loja\/wp-json\/wp\/v2\/product\/3886"}],"collection":[{"href":"https:\/\/reluzdistribuidora.com.br\/loja\/wp-json\/wp\/v2\/product"}],"about":[{"href":"https:\/\/reluzdistribuidora.com.br\/loja\/wp-json\/wp\/v2\/types\/product"}],"replies":[{"embeddable":true,"href":"https:\/\/reluzdistribuidora.com.br\/loja\/wp-json\/wp\/v2\/comments?post=3886"}],"version-history":[{"count":1,"href":"https:\/\/reluzdistribuidora.com.br\/loja\/wp-json\/wp\/v2\/product\/3886\/revisions"}],"predecessor-version":[{"id":7422,"href":"https:\/\/reluzdistribuidora.com.br\/loja\/wp-json\/wp\/v2\/product\/3886\/revisions\/7422"}],"wp:featuredmedia":[{"embeddable":true,"href":"https:\/\/reluzdistribuidora.com.br\/loja\/wp-json\/wp\/v2\/media\/3887"}],"wp:attachment":[{"href":"https:\/\/reluzdistribuidora.com.br\/loja\/wp-json\/wp\/v2\/media?parent=3886"}],"wp:term":[{"taxonomy":"product_cat","embeddable":true,"href":"https:\/\/reluzdistribuidora.com.br\/loja\/wp-json\/wp\/v2\/product_cat?post=3886"},{"taxonomy":"product_tag","embeddable":true,"href":"https:\/\/reluzdistribuidora.com.br\/loja\/wp-json\/wp\/v2\/product_tag?post=3886"}],"curies":[{"name":"wp","href":"https:\/\/api.w.org\/{rel}","templated":true}]}}