{"id":3882,"date":"2020-10-19T11:41:08","date_gmt":"2020-10-19T14:41:08","guid":{"rendered":"https:\/\/reluzdistribuidora.com.br\/loja\/?post_type=product&#038;p=3882"},"modified":"2023-01-16T10:59:35","modified_gmt":"2023-01-16T13:59:35","slug":"fluido-antisseptico-para-praticas-funcionais-em-terapias-integrativas-500ml-grandha","status":"publish","type":"product","link":"https:\/\/reluzdistribuidora.com.br\/loja\/produto\/fluido-antisseptico-para-praticas-funcionais-em-terapias-integrativas-500ml-grandha\/","title":{"rendered":"Fluido Antiss\u00e9ptico para Pr\u00e1ticas Funcionais em Terapias Integrativas 500ml &#8211; Grandha"},"content":{"rendered":"<p>O <strong>Fluido Antiss\u00e9ptico para Pr\u00e1ticas Funcionais em Terapias Integrativas<\/strong> foi especialmente desenvolvido para promover a simbiose e a prote\u00e7\u00e3o da pele, por meio de uma combina\u00e7\u00e3o exclusiva de quatro fant\u00e1sticos \u00f3leos essenciais, associados a um sistema org\u00e2nico de prote\u00e7\u00e3o microbiol\u00f3gica e a\u00e7\u00e3o queratol\u00edtica de alto desempenho, com \u00e1cidos salic\u00edlico e undecil\u00eanico, que propiciam sensa\u00e7\u00e3o de conforto e prote\u00e7\u00e3o \u00e0 pele. Produto especialmente desenvolvido para a garantia de qualidade dos procedimentos e protocolos de biosseguran\u00e7a nas terapias integrativas. Sua f\u00f3rmula \u00e9 suave e n\u00e3o cont\u00e9m \u00e1lcool et\u00edlico. Ajuda na preven\u00e7\u00e3o de mau odor dos p\u00e9s. \u00c9 dermatologicamente testado.<\/p>\n<h4>Possui \u00d3leo Essencial de<\/h4>\n<div class=\"info-box-content\">\n<ul>\n<li>Patchouli<\/li>\n<li>Capim-Lim\u00e3o<\/li>\n<li>Melaleuca<\/li>\n<li>Funcho Doce<\/li>\n<\/ul>\n<\/div>\n","protected":false},"excerpt":{"rendered":"<p>O Fluido Antiss\u00e9ptico para Pr\u00e1ticas Funcionais em Terapias Integrativas foi especialmente desenvolvido para promover a simbiose e a prote\u00e7\u00e3o da pele, por meio de uma combina\u00e7\u00e3o exclusiva de quatro fant\u00e1sticos \u00f3leos essenciais, associados a um sistema org\u00e2nico de prote\u00e7\u00e3o microbiol\u00f3gica e a\u00e7\u00e3o queratol\u00edtica de alto desempenho, com \u00e1cidos salic\u00edlico e undecil\u00eanico, que propiciam sensa\u00e7\u00e3o de [&hellip;]<\/p>\n","protected":false},"featured_media":3883,"comment_status":"open","ping_status":"closed","template":"","meta":[],"product_cat":[489],"product_tag":[426,422,29],"_links":{"self":[{"href":"https:\/\/reluzdistribuidora.com.br\/loja\/wp-json\/wp\/v2\/product\/3882"}],"collection":[{"href":"https:\/\/reluzdistribuidora.com.br\/loja\/wp-json\/wp\/v2\/product"}],"about":[{"href":"https:\/\/reluzdistribuidora.com.br\/loja\/wp-json\/wp\/v2\/types\/product"}],"replies":[{"embeddable":true,"href":"https:\/\/reluzdistribuidora.com.br\/loja\/wp-json\/wp\/v2\/comments?post=3882"}],"version-history":[{"count":1,"href":"https:\/\/reluzdistribuidora.com.br\/loja\/wp-json\/wp\/v2\/product\/3882\/revisions"}],"predecessor-version":[{"id":7424,"href":"https:\/\/reluzdistribuidora.com.br\/loja\/wp-json\/wp\/v2\/product\/3882\/revisions\/7424"}],"wp:featuredmedia":[{"embeddable":true,"href":"https:\/\/reluzdistribuidora.com.br\/loja\/wp-json\/wp\/v2\/media\/3883"}],"wp:attachment":[{"href":"https:\/\/reluzdistribuidora.com.br\/loja\/wp-json\/wp\/v2\/media?parent=3882"}],"wp:term":[{"taxonomy":"product_cat","embeddable":true,"href":"https:\/\/reluzdistribuidora.com.br\/loja\/wp-json\/wp\/v2\/product_cat?post=3882"},{"taxonomy":"product_tag","embeddable":true,"href":"https:\/\/reluzdistribuidora.com.br\/loja\/wp-json\/wp\/v2\/product_tag?post=3882"}],"curies":[{"name":"wp","href":"https:\/\/api.w.org\/{rel}","templated":true}]}}