{"id":3874,"date":"2020-10-19T11:24:17","date_gmt":"2020-10-19T14:24:17","guid":{"rendered":"https:\/\/reluzdistribuidora.com.br\/loja\/?post_type=product&#038;p=3874"},"modified":"2023-04-17T13:01:00","modified_gmt":"2023-04-17T16:01:00","slug":"aromatizador-funcional-de-ambientes-500ml-grandha","status":"publish","type":"product","link":"https:\/\/reluzdistribuidora.com.br\/loja\/produto\/aromatizador-funcional-de-ambientes-500ml-grandha\/","title":{"rendered":"Aromatizador Funcional de Ambientes 500ml &#8211; Grandha"},"content":{"rendered":"<p>O <strong>Aromatizador Funcional de Ambientes Alkymia di Grandha<\/strong> atua em base hidroalco\u00f3lica, com 65% de \u00e1lcool et\u00edlico, numa matriz olfativa com predomin\u00e2ncia verde e levemente c\u00edtrica, que remete ao ambiente uma sensa\u00e7\u00e3o de limpeza, equil\u00edbrio e conforto. Possui um sistema fitodin\u00e2mico de prote\u00e7\u00e3o, que combina 5 poderosos \u00f3leos essenciais para a preserva\u00e7\u00e3o de um ambiente mais limpo, protegido e agrad\u00e1vel, al\u00e9m de promover tranquilidade e bons fluidos.<\/p>\n<h4>Ingredientes principais<\/h4>\n<div class=\"info-box\">\n<div class=\"info-box-content\">\n<ul>\n<li>Citronela<\/li>\n<li>Lim\u00e3o Siciliano<\/li>\n<li>Eucalipto Globulus<\/li>\n<li>Melaleuca<\/li>\n<li>Cravo Folha<\/li>\n<\/ul>\n<\/div>\n<\/div>\n","protected":false},"excerpt":{"rendered":"<p>O Aromatizador Funcional de Ambientes Alkymia di Grandha atua em base hidroalco\u00f3lica, com 65% de \u00e1lcool et\u00edlico, numa matriz olfativa com predomin\u00e2ncia verde e levemente c\u00edtrica, que remete ao ambiente uma sensa\u00e7\u00e3o de limpeza, equil\u00edbrio e conforto. Possui um sistema fitodin\u00e2mico de prote\u00e7\u00e3o, que combina 5 poderosos \u00f3leos essenciais para a preserva\u00e7\u00e3o de um ambiente [&hellip;]<\/p>\n","protected":false},"featured_media":3875,"comment_status":"open","ping_status":"closed","template":"","meta":[],"product_cat":[490],"product_tag":[422,29,117,382],"_links":{"self":[{"href":"https:\/\/reluzdistribuidora.com.br\/loja\/wp-json\/wp\/v2\/product\/3874"}],"collection":[{"href":"https:\/\/reluzdistribuidora.com.br\/loja\/wp-json\/wp\/v2\/product"}],"about":[{"href":"https:\/\/reluzdistribuidora.com.br\/loja\/wp-json\/wp\/v2\/types\/product"}],"replies":[{"embeddable":true,"href":"https:\/\/reluzdistribuidora.com.br\/loja\/wp-json\/wp\/v2\/comments?post=3874"}],"version-history":[{"count":1,"href":"https:\/\/reluzdistribuidora.com.br\/loja\/wp-json\/wp\/v2\/product\/3874\/revisions"}],"predecessor-version":[{"id":8103,"href":"https:\/\/reluzdistribuidora.com.br\/loja\/wp-json\/wp\/v2\/product\/3874\/revisions\/8103"}],"wp:featuredmedia":[{"embeddable":true,"href":"https:\/\/reluzdistribuidora.com.br\/loja\/wp-json\/wp\/v2\/media\/3875"}],"wp:attachment":[{"href":"https:\/\/reluzdistribuidora.com.br\/loja\/wp-json\/wp\/v2\/media?parent=3874"}],"wp:term":[{"taxonomy":"product_cat","embeddable":true,"href":"https:\/\/reluzdistribuidora.com.br\/loja\/wp-json\/wp\/v2\/product_cat?post=3874"},{"taxonomy":"product_tag","embeddable":true,"href":"https:\/\/reluzdistribuidora.com.br\/loja\/wp-json\/wp\/v2\/product_tag?post=3874"}],"curies":[{"name":"wp","href":"https:\/\/api.w.org\/{rel}","templated":true}]}}