{"id":3104,"date":"2020-02-17T12:14:35","date_gmt":"2020-02-17T15:14:35","guid":{"rendered":"https:\/\/reluzdistribuidora.com.br\/loja\/?post_type=product&#038;p=3104"},"modified":"2023-04-17T13:18:23","modified_gmt":"2023-04-17T16:18:23","slug":"mix-oil-coconut-moisture-shampoo-300ml-grandha","status":"publish","type":"product","link":"https:\/\/reluzdistribuidora.com.br\/loja\/produto\/mix-oil-coconut-moisture-shampoo-300ml-grandha\/","title":{"rendered":"Mix Oil Coconut &#8211; Moisture Shampoo &#8211; 300ml &#8211; Grandha"},"content":{"rendered":"<div class=\"wpb_text_column wpb_content_element \">\n<div class=\"wpb_wrapper\">\n<h1>Mix Oil Coconut &amp; Argan<\/h1>\n<p>O kit\u00a0<strong>Mix Oil Coconut &amp; Argan<\/strong>\u00a0\u00e9 rico em\u00a0<strong>antioxidantes<\/strong>, pois conta com\u00a0<strong>\u00f3leo de coco e \u00f3leo de argan<\/strong>\u00a0em sua composi\u00e7\u00e3o. Atua de forma a desacelerar o\u00a0<strong>envelhecimento natural<\/strong>\u00a0dos cabelos, proporcionando um brilho incr\u00edvel, al\u00e9m do frescor do cheirinho de coco.<\/p>\n<\/div>\n<\/div>\n<div class=\"wpb_text_column wpb_content_element \">\n<div class=\"wpb_wrapper\">\n<ul>\n<li>Controle\u00a0<strong>hidrolip\u00eddico<\/strong>\u00a0dos fios. Brilho e sedosidade com\u00a0<strong>a\u00e7\u00e3o antioxidante<\/strong>.<\/li>\n<\/ul>\n<\/div>\n<\/div>\n","protected":false},"excerpt":{"rendered":"<p>O Moisture Shampoo de Grandha, integra a fam\u00edlia Mix Oil Coconut &amp; Argan. Ideal para limpeza suave em cabelos ressecados e saturados por processos qu\u00edmicos ou pelo sol e \u00e1gua da praia ou da piscina.<\/p>\n","protected":false},"featured_media":3105,"comment_status":"open","ping_status":"closed","template":"","meta":[],"product_cat":[491],"product_tag":[],"_links":{"self":[{"href":"https:\/\/reluzdistribuidora.com.br\/loja\/wp-json\/wp\/v2\/product\/3104"}],"collection":[{"href":"https:\/\/reluzdistribuidora.com.br\/loja\/wp-json\/wp\/v2\/product"}],"about":[{"href":"https:\/\/reluzdistribuidora.com.br\/loja\/wp-json\/wp\/v2\/types\/product"}],"replies":[{"embeddable":true,"href":"https:\/\/reluzdistribuidora.com.br\/loja\/wp-json\/wp\/v2\/comments?post=3104"}],"version-history":[{"count":1,"href":"https:\/\/reluzdistribuidora.com.br\/loja\/wp-json\/wp\/v2\/product\/3104\/revisions"}],"predecessor-version":[{"id":7748,"href":"https:\/\/reluzdistribuidora.com.br\/loja\/wp-json\/wp\/v2\/product\/3104\/revisions\/7748"}],"wp:featuredmedia":[{"embeddable":true,"href":"https:\/\/reluzdistribuidora.com.br\/loja\/wp-json\/wp\/v2\/media\/3105"}],"wp:attachment":[{"href":"https:\/\/reluzdistribuidora.com.br\/loja\/wp-json\/wp\/v2\/media?parent=3104"}],"wp:term":[{"taxonomy":"product_cat","embeddable":true,"href":"https:\/\/reluzdistribuidora.com.br\/loja\/wp-json\/wp\/v2\/product_cat?post=3104"},{"taxonomy":"product_tag","embeddable":true,"href":"https:\/\/reluzdistribuidora.com.br\/loja\/wp-json\/wp\/v2\/product_tag?post=3104"}],"curies":[{"name":"wp","href":"https:\/\/api.w.org\/{rel}","templated":true}]}}