{"id":2655,"date":"2020-01-24T13:01:44","date_gmt":"2020-01-24T16:01:44","guid":{"rendered":"https:\/\/reluzdistribuidora.com.br\/loja\/?post_type=product&#038;p=2655"},"modified":"2023-04-17T13:12:57","modified_gmt":"2023-04-17T16:12:57","slug":"fito-capillus-eucalyptus-body-soap-360ml-grandha","status":"publish","type":"product","link":"https:\/\/reluzdistribuidora.com.br\/loja\/produto\/fito-capillus-eucalyptus-body-soap-360ml-grandha\/","title":{"rendered":"Fito Capillus Eucalyptus Body Soap 360ml &#8211; Grandha"},"content":{"rendered":"<p>Orientado para o m\u00e1ximo conforto na terapia do banho. Sugerido para os banhos noturnos, com a finalidade de melhorar a qualidade do sono e do descanso. Combina um exclusivo componente biotecnol\u00f3gico de atividade seborreguladora com potencial biomodulador do sistema de defesa imunoinflamat\u00f3rio, auxiliado pela associa\u00e7\u00e3o de tr\u00eas poderosos \u00f3leos essenciais com uma matriz anti-inflamat\u00f3ria. Confere \u00f3timo aspecto \u00e0 pele e garante o equil\u00edbrio da microbiota, priorizando sua sa\u00fade e bem-estar.<\/p>\n<div class=\"wpb_text_column wpb_content_element \">\n<div class=\"wpb_wrapper\">\n<h4>Fito Capillus Eucalyptus<\/h4>\n<p>Uma composi\u00e7\u00e3o de benef\u00edcios exclusivos, com foco no combate \u00e0s microinflama\u00e7\u00f5es e dist\u00farbios da microbiota do couro cabeludo. Fito Capillus estuda os efeitos e os impactos do estresse, a fim de promover desenvolvimento cosmec\u00eautico aplicado \u00e0 sa\u00fade e ao bem-estar, ao associar o que h\u00e1 de melhor em componentes naturais e outros compostos biotecnol\u00f3gicos.<\/p>\n<p><strong>Principais Ativos<\/strong><\/p>\n<ul>\n<li>\u00d3leo Essencial de Bergamota<\/li>\n<li>\u00d3leo Essencial de C\u00e2nfora Branca<\/li>\n<li>\u00d3leo Essencial de Eucalipto<\/li>\n<\/ul>\n<\/div>\n<\/div>\n","protected":false},"excerpt":{"rendered":"<p>Orientado para o m\u00e1ximo conforto na terapia do banho. Sugerido para os banhos noturnos, com a finalidade de melhorar a qualidade do sono e do descanso.<\/p>\n","protected":false},"featured_media":2656,"comment_status":"open","ping_status":"closed","template":"","meta":[],"product_cat":[491],"product_tag":[323,29,336,137,324],"_links":{"self":[{"href":"https:\/\/reluzdistribuidora.com.br\/loja\/wp-json\/wp\/v2\/product\/2655"}],"collection":[{"href":"https:\/\/reluzdistribuidora.com.br\/loja\/wp-json\/wp\/v2\/product"}],"about":[{"href":"https:\/\/reluzdistribuidora.com.br\/loja\/wp-json\/wp\/v2\/types\/product"}],"replies":[{"embeddable":true,"href":"https:\/\/reluzdistribuidora.com.br\/loja\/wp-json\/wp\/v2\/comments?post=2655"}],"version-history":[{"count":2,"href":"https:\/\/reluzdistribuidora.com.br\/loja\/wp-json\/wp\/v2\/product\/2655\/revisions"}],"predecessor-version":[{"id":8337,"href":"https:\/\/reluzdistribuidora.com.br\/loja\/wp-json\/wp\/v2\/product\/2655\/revisions\/8337"}],"wp:featuredmedia":[{"embeddable":true,"href":"https:\/\/reluzdistribuidora.com.br\/loja\/wp-json\/wp\/v2\/media\/2656"}],"wp:attachment":[{"href":"https:\/\/reluzdistribuidora.com.br\/loja\/wp-json\/wp\/v2\/media?parent=2655"}],"wp:term":[{"taxonomy":"product_cat","embeddable":true,"href":"https:\/\/reluzdistribuidora.com.br\/loja\/wp-json\/wp\/v2\/product_cat?post=2655"},{"taxonomy":"product_tag","embeddable":true,"href":"https:\/\/reluzdistribuidora.com.br\/loja\/wp-json\/wp\/v2\/product_tag?post=2655"}],"curies":[{"name":"wp","href":"https:\/\/api.w.org\/{rel}","templated":true}]}}