{"id":2646,"date":"2019-10-22T10:18:44","date_gmt":"2019-10-22T13:18:44","guid":{"rendered":"https:\/\/reluzdistribuidora.com.br\/loja\/?post_type=product&#038;p=2646"},"modified":"2023-03-06T12:55:48","modified_gmt":"2023-03-06T15:55:48","slug":"putifier-pre-shampoo-500ml-grandha","status":"publish","type":"product","link":"https:\/\/reluzdistribuidora.com.br\/loja\/produto\/putifier-pre-shampoo-500ml-grandha\/","title":{"rendered":"Putifier Pr\u00e9-Shampoo 500ml &#8211; Grandha"},"content":{"rendered":"<p>O <strong>Purifier Pr\u00e9-Shampoo <\/strong>atua na remo\u00e7\u00e3o produnda de res\u00edduos acumulados sobre a estrutura dos fios. Sua a\u00e7\u00e3o nos cabelos se d\u00e1 por atra\u00e7\u00e3o i\u00f4nica onde os exclusivos componentes de sua formula\u00e7\u00e3o aderem-se aos res\u00edduos acumulados, sendo estes removidos atrav\u00e9s do enx\u00e1gue. Atua no couro cabeludo de forma suave e controlada.<\/p>\n","protected":false},"excerpt":{"rendered":"<p>Suavidade e controle no processo de remo\u00e7\u00e3o da oleosidade.<\/p>\n<p>Cont\u00e9m: \u00f3leo de Melaleuca e extrato de Aloe Vera.<\/p>\n","protected":false},"featured_media":6742,"comment_status":"open","ping_status":"closed","template":"","meta":[],"product_cat":[491],"product_tag":[29,243,336,41],"_links":{"self":[{"href":"https:\/\/reluzdistribuidora.com.br\/loja\/wp-json\/wp\/v2\/product\/2646"}],"collection":[{"href":"https:\/\/reluzdistribuidora.com.br\/loja\/wp-json\/wp\/v2\/product"}],"about":[{"href":"https:\/\/reluzdistribuidora.com.br\/loja\/wp-json\/wp\/v2\/types\/product"}],"replies":[{"embeddable":true,"href":"https:\/\/reluzdistribuidora.com.br\/loja\/wp-json\/wp\/v2\/comments?post=2646"}],"version-history":[{"count":1,"href":"https:\/\/reluzdistribuidora.com.br\/loja\/wp-json\/wp\/v2\/product\/2646\/revisions"}],"predecessor-version":[{"id":7976,"href":"https:\/\/reluzdistribuidora.com.br\/loja\/wp-json\/wp\/v2\/product\/2646\/revisions\/7976"}],"wp:featuredmedia":[{"embeddable":true,"href":"https:\/\/reluzdistribuidora.com.br\/loja\/wp-json\/wp\/v2\/media\/6742"}],"wp:attachment":[{"href":"https:\/\/reluzdistribuidora.com.br\/loja\/wp-json\/wp\/v2\/media?parent=2646"}],"wp:term":[{"taxonomy":"product_cat","embeddable":true,"href":"https:\/\/reluzdistribuidora.com.br\/loja\/wp-json\/wp\/v2\/product_cat?post=2646"},{"taxonomy":"product_tag","embeddable":true,"href":"https:\/\/reluzdistribuidora.com.br\/loja\/wp-json\/wp\/v2\/product_tag?post=2646"}],"curies":[{"name":"wp","href":"https:\/\/api.w.org\/{rel}","templated":true}]}}