{"id":260,"date":"2018-05-22T11:09:39","date_gmt":"2018-05-22T14:09:39","guid":{"rendered":"http:\/\/reluzdistribuidora.com.br\/loja\/?post_type=product&#038;p=260"},"modified":"2023-04-10T12:50:17","modified_gmt":"2023-04-10T15:50:17","slug":"oleo-essencial-de-geranio-10ml","status":"publish","type":"product","link":"https:\/\/reluzdistribuidora.com.br\/loja\/produto\/oleo-essencial-de-geranio-10ml\/","title":{"rendered":"\u00d3leo Essencial de Ger\u00e2nio 10ml -Grandha"},"content":{"rendered":"<h1>\u00d3leos Essenciais<\/h1>\n<p><strong>Alkymia di Grandha<\/strong> oferece diversos \u00f3leos essenciais para uso e aplica\u00e7\u00e3o em massagens e terapias complementares. Os \u00f3leos essenciais de Alkymia di Grandha s\u00e3o integrais e n\u00e3o possuem qualquer adi\u00e7\u00e3o de corantes, conservantes ou complementos de frag\u00e2ncias.<\/p>\n<p><strong>Benef\u00edcios do \u00f3leo de Ger\u00e2nio<\/strong><\/p>\n<p>Com sua fun\u00e7\u00e3o reguladora sobre o sistema hormonal, \u00e9 \u00fatil para quem sofre de tens\u00e3o pr\u00e9-menstrual e menopausa. Combate a ansiedade e a depress\u00e3o.<\/p>\n","protected":false},"excerpt":{"rendered":"<p>Sua aplica\u00e7\u00e3o contempla centenas de possibilidades de rituais cosm\u00e9ticos e terap\u00eauticos.<\/p>\n","protected":false},"featured_media":261,"comment_status":"open","ping_status":"closed","template":"","meta":[],"product_cat":[491,501,492,489],"product_tag":[82,83,29,62,336,34,36],"_links":{"self":[{"href":"https:\/\/reluzdistribuidora.com.br\/loja\/wp-json\/wp\/v2\/product\/260"}],"collection":[{"href":"https:\/\/reluzdistribuidora.com.br\/loja\/wp-json\/wp\/v2\/product"}],"about":[{"href":"https:\/\/reluzdistribuidora.com.br\/loja\/wp-json\/wp\/v2\/types\/product"}],"replies":[{"embeddable":true,"href":"https:\/\/reluzdistribuidora.com.br\/loja\/wp-json\/wp\/v2\/comments?post=260"}],"version-history":[{"count":2,"href":"https:\/\/reluzdistribuidora.com.br\/loja\/wp-json\/wp\/v2\/product\/260\/revisions"}],"predecessor-version":[{"id":7485,"href":"https:\/\/reluzdistribuidora.com.br\/loja\/wp-json\/wp\/v2\/product\/260\/revisions\/7485"}],"wp:featuredmedia":[{"embeddable":true,"href":"https:\/\/reluzdistribuidora.com.br\/loja\/wp-json\/wp\/v2\/media\/261"}],"wp:attachment":[{"href":"https:\/\/reluzdistribuidora.com.br\/loja\/wp-json\/wp\/v2\/media?parent=260"}],"wp:term":[{"taxonomy":"product_cat","embeddable":true,"href":"https:\/\/reluzdistribuidora.com.br\/loja\/wp-json\/wp\/v2\/product_cat?post=260"},{"taxonomy":"product_tag","embeddable":true,"href":"https:\/\/reluzdistribuidora.com.br\/loja\/wp-json\/wp\/v2\/product_tag?post=260"}],"curies":[{"name":"wp","href":"https:\/\/api.w.org\/{rel}","templated":true}]}}