{"id":258,"date":"2018-05-22T11:05:39","date_gmt":"2018-05-22T14:05:39","guid":{"rendered":"http:\/\/reluzdistribuidora.com.br\/loja\/?post_type=product&#038;p=258"},"modified":"2021-05-20T15:43:59","modified_gmt":"2021-05-20T18:43:59","slug":"oleo-essencial-puro-de-palmarosa-10ml","status":"publish","type":"product","link":"https:\/\/reluzdistribuidora.com.br\/loja\/produto\/oleo-essencial-puro-de-palmarosa-10ml\/","title":{"rendered":"\u00d3leo Essencial Puro de Palmarosa 10ml -Grandha"},"content":{"rendered":"<h1>\u00d3leos Essenciais<\/h1>\n<p><strong>Alkymia di Grandha<\/strong> oferece diversos \u00f3leos essenciais para uso e aplica\u00e7\u00e3o em massagens e terapias complementares. Os \u00f3leos essenciais de Alkymia di Grandha s\u00e3o integrais e n\u00e3o possuem qualquer adi\u00e7\u00e3o de corantes, conservantes ou complementos de frag\u00e2ncias.<\/p>\n<p><strong>Benef\u00edcios do \u00f3leo de Palmarosa<\/strong><\/p>\n<p>\u00c9 um excelente citofil\u00e1tico e hidratante para tratamento da pele. Estimula a secre\u00e7\u00e3o natural de oleosidade, sendo muito adequado para peles secas.<\/p>\n","protected":false},"excerpt":{"rendered":"<p>Sua aplica\u00e7\u00e3o contempla centenas de possibilidades de rituais cosm\u00e9ticos e terap\u00eauticos.<\/p>\n","protected":false},"featured_media":259,"comment_status":"open","ping_status":"closed","template":"","meta":[],"product_cat":[491,501,492,489],"product_tag":[83,29,62,336,34,36],"_links":{"self":[{"href":"https:\/\/reluzdistribuidora.com.br\/loja\/wp-json\/wp\/v2\/product\/258"}],"collection":[{"href":"https:\/\/reluzdistribuidora.com.br\/loja\/wp-json\/wp\/v2\/product"}],"about":[{"href":"https:\/\/reluzdistribuidora.com.br\/loja\/wp-json\/wp\/v2\/types\/product"}],"replies":[{"embeddable":true,"href":"https:\/\/reluzdistribuidora.com.br\/loja\/wp-json\/wp\/v2\/comments?post=258"}],"version-history":[{"count":0,"href":"https:\/\/reluzdistribuidora.com.br\/loja\/wp-json\/wp\/v2\/product\/258\/revisions"}],"wp:featuredmedia":[{"embeddable":true,"href":"https:\/\/reluzdistribuidora.com.br\/loja\/wp-json\/wp\/v2\/media\/259"}],"wp:attachment":[{"href":"https:\/\/reluzdistribuidora.com.br\/loja\/wp-json\/wp\/v2\/media?parent=258"}],"wp:term":[{"taxonomy":"product_cat","embeddable":true,"href":"https:\/\/reluzdistribuidora.com.br\/loja\/wp-json\/wp\/v2\/product_cat?post=258"},{"taxonomy":"product_tag","embeddable":true,"href":"https:\/\/reluzdistribuidora.com.br\/loja\/wp-json\/wp\/v2\/product_tag?post=258"}],"curies":[{"name":"wp","href":"https:\/\/api.w.org\/{rel}","templated":true}]}}