{"id":256,"date":"2018-05-22T10:59:08","date_gmt":"2018-05-22T13:59:08","guid":{"rendered":"http:\/\/reluzdistribuidora.com.br\/loja\/?post_type=product&#038;p=256"},"modified":"2023-01-30T14:00:29","modified_gmt":"2023-01-30T17:00:29","slug":"oleo-essencial-puro-de-laranja-doce-10ml","status":"publish","type":"product","link":"https:\/\/reluzdistribuidora.com.br\/loja\/produto\/oleo-essencial-puro-de-laranja-doce-10ml\/","title":{"rendered":"\u00d3leo Essencial Puro de Laranja Doce 10ml -Grandha"},"content":{"rendered":"<h1>\u00d3leos Essenciais<\/h1>\n<p><strong>Alkymia di Grandha<\/strong> oferece diversos \u00f3leos essenciais para uso e aplica\u00e7\u00e3o em massagens e terapias complementares. Os \u00f3leos essenciais de Alkymia di Grandha s\u00e3o integrais e n\u00e3o possuem qualquer adi\u00e7\u00e3o de corantes, conservantes ou complementos de frag\u00e2ncias.<\/p>\n<p><strong>Benef\u00edcios do \u00f3leo de Laranja Doce<\/strong><\/p>\n<div class=\"one-fourth\">\n<p>\u00c9 um \u00f3timo calmante. Auxilia a absor\u00e7\u00e3o de Vitamina C e combate a ins\u00f4nia decorrentes de ansiedade. Trata pele secas, rugas e dermatites.<\/p>\n<\/div>\n<div class=\"one-fourth last\"><\/div>\n","protected":false},"excerpt":{"rendered":"<p>\u00d3leo Essencial Puro de Laranja Doce. Sua aplica\u00e7\u00e3o contempla centenas de possibilidades de rituais cosm\u00e9ticos e terap\u00eauticos.<\/p>\n","protected":false},"featured_media":257,"comment_status":"open","ping_status":"closed","template":"","meta":[],"product_cat":[491,501,492,489],"product_tag":[82,83,29,62,336,34,36],"_links":{"self":[{"href":"https:\/\/reluzdistribuidora.com.br\/loja\/wp-json\/wp\/v2\/product\/256"}],"collection":[{"href":"https:\/\/reluzdistribuidora.com.br\/loja\/wp-json\/wp\/v2\/product"}],"about":[{"href":"https:\/\/reluzdistribuidora.com.br\/loja\/wp-json\/wp\/v2\/types\/product"}],"replies":[{"embeddable":true,"href":"https:\/\/reluzdistribuidora.com.br\/loja\/wp-json\/wp\/v2\/comments?post=256"}],"version-history":[{"count":1,"href":"https:\/\/reluzdistribuidora.com.br\/loja\/wp-json\/wp\/v2\/product\/256\/revisions"}],"predecessor-version":[{"id":7486,"href":"https:\/\/reluzdistribuidora.com.br\/loja\/wp-json\/wp\/v2\/product\/256\/revisions\/7486"}],"wp:featuredmedia":[{"embeddable":true,"href":"https:\/\/reluzdistribuidora.com.br\/loja\/wp-json\/wp\/v2\/media\/257"}],"wp:attachment":[{"href":"https:\/\/reluzdistribuidora.com.br\/loja\/wp-json\/wp\/v2\/media?parent=256"}],"wp:term":[{"taxonomy":"product_cat","embeddable":true,"href":"https:\/\/reluzdistribuidora.com.br\/loja\/wp-json\/wp\/v2\/product_cat?post=256"},{"taxonomy":"product_tag","embeddable":true,"href":"https:\/\/reluzdistribuidora.com.br\/loja\/wp-json\/wp\/v2\/product_tag?post=256"}],"curies":[{"name":"wp","href":"https:\/\/api.w.org\/{rel}","templated":true}]}}