{"id":246,"date":"2018-05-22T10:33:29","date_gmt":"2018-05-22T13:33:29","guid":{"rendered":"http:\/\/reluzdistribuidora.com.br\/loja\/?post_type=product&#038;p=246"},"modified":"2023-01-16T11:27:01","modified_gmt":"2023-01-16T14:27:01","slug":"oleo-essencial-de-melaleuca-10ml","status":"publish","type":"product","link":"https:\/\/reluzdistribuidora.com.br\/loja\/produto\/oleo-essencial-de-melaleuca-10ml\/","title":{"rendered":"\u00d3leo Essencial de Melaleuca 10ml -Grandha"},"content":{"rendered":"<h1>\u00d3leos Essenciais<\/h1>\n<p><strong>Alkymia di Grandha<\/strong> oferece diversos \u00f3leos essenciais para uso e aplica\u00e7\u00e3o em massagens e terapias complementares. Os \u00f3leos essenciais de Alkymia di Grandha s\u00e3o integrais e n\u00e3o possuem qualquer adi\u00e7\u00e3o de corantes, conservantes ou complementos de fragr\u00e2ncias.<\/p>\n<p><strong>Benef\u00edcios do \u00f3leo essencial de melaleuca<\/strong><\/p>\n<p>Aplicado para o tratamento de dist\u00farbios de oleosidade, caspa, seborreia e dermatites. Atua na elimina\u00e7\u00e3o bact\u00e9rias causadoras de infec\u00e7\u00f5es.<\/p>\n","protected":false},"excerpt":{"rendered":"<p>\u00d3leo essencial puro de Melaleuca.<\/p>\n<ul>\n<li>\u00d3leo totalmente puro.<\/li>\n<li>Efic\u00e1cia certificada.<\/li>\n<\/ul>\n","protected":false},"featured_media":247,"comment_status":"open","ping_status":"closed","template":"","meta":[],"product_cat":[491,501,492,489],"product_tag":[82,83,29,62,336,36],"_links":{"self":[{"href":"https:\/\/reluzdistribuidora.com.br\/loja\/wp-json\/wp\/v2\/product\/246"}],"collection":[{"href":"https:\/\/reluzdistribuidora.com.br\/loja\/wp-json\/wp\/v2\/product"}],"about":[{"href":"https:\/\/reluzdistribuidora.com.br\/loja\/wp-json\/wp\/v2\/types\/product"}],"replies":[{"embeddable":true,"href":"https:\/\/reluzdistribuidora.com.br\/loja\/wp-json\/wp\/v2\/comments?post=246"}],"version-history":[{"count":1,"href":"https:\/\/reluzdistribuidora.com.br\/loja\/wp-json\/wp\/v2\/product\/246\/revisions"}],"predecessor-version":[{"id":7490,"href":"https:\/\/reluzdistribuidora.com.br\/loja\/wp-json\/wp\/v2\/product\/246\/revisions\/7490"}],"wp:featuredmedia":[{"embeddable":true,"href":"https:\/\/reluzdistribuidora.com.br\/loja\/wp-json\/wp\/v2\/media\/247"}],"wp:attachment":[{"href":"https:\/\/reluzdistribuidora.com.br\/loja\/wp-json\/wp\/v2\/media?parent=246"}],"wp:term":[{"taxonomy":"product_cat","embeddable":true,"href":"https:\/\/reluzdistribuidora.com.br\/loja\/wp-json\/wp\/v2\/product_cat?post=246"},{"taxonomy":"product_tag","embeddable":true,"href":"https:\/\/reluzdistribuidora.com.br\/loja\/wp-json\/wp\/v2\/product_tag?post=246"}],"curies":[{"name":"wp","href":"https:\/\/api.w.org\/{rel}","templated":true}]}}