{"id":234,"date":"2018-05-21T17:18:49","date_gmt":"2018-05-21T20:18:49","guid":{"rendered":"http:\/\/reluzdistribuidora.com.br\/loja\/?post_type=product&#038;p=234"},"modified":"2023-04-03T15:08:46","modified_gmt":"2023-04-03T18:08:46","slug":"oleo-vegetal-de-abacate-50ml","status":"publish","type":"product","link":"https:\/\/reluzdistribuidora.com.br\/loja\/produto\/oleo-vegetal-de-abacate-50ml\/","title":{"rendered":"\u00d3leo Vegetal de Abacate 50ml -Grandha"},"content":{"rendered":"<h4>\u00f3leo vegetal Puro de abacate<\/h4>\n<p>Os \u00f3leos vegetais de Alkymia di Grandha s\u00e3o integrais e n\u00e3o possuem qualquer adi\u00e7\u00e3o de corantes, conservantes ou complementos de fragr\u00e2ncias. Os \u00f3leos vegetais possuem fun\u00e7\u00f5es espec\u00edficas. O uso correto deste produto oferece prote\u00e7\u00e3o, nutri\u00e7\u00e3o, maciez e vitalidade para a pele e para os cabelos.<\/p>\n<p><strong>Propriedade:<\/strong><\/p>\n<ul>\n<li>Bactericida<\/li>\n<li>Anti-inflamat\u00f3rio<\/li>\n<li>Anti-age<\/li>\n<li>Absorve raios UV<\/li>\n<li>Previne apari\u00e7\u00e3o de queloide e acne.<\/li>\n<li>Proporciona hidrata\u00e7\u00e3o para cabelos secos e fracos dando brilho e maciez<\/li>\n<\/ul>\n","protected":false},"excerpt":{"rendered":"<p>\u00d3leo Vegetal puro e natural de Abacate, da linha Alkymia di Grandha.<\/p>\n","protected":false},"featured_media":235,"comment_status":"open","ping_status":"closed","template":"","meta":[],"product_cat":[491,492,489,500],"product_tag":[82,83,29,62,81,84,336],"_links":{"self":[{"href":"https:\/\/reluzdistribuidora.com.br\/loja\/wp-json\/wp\/v2\/product\/234"}],"collection":[{"href":"https:\/\/reluzdistribuidora.com.br\/loja\/wp-json\/wp\/v2\/product"}],"about":[{"href":"https:\/\/reluzdistribuidora.com.br\/loja\/wp-json\/wp\/v2\/types\/product"}],"replies":[{"embeddable":true,"href":"https:\/\/reluzdistribuidora.com.br\/loja\/wp-json\/wp\/v2\/comments?post=234"}],"version-history":[{"count":1,"href":"https:\/\/reluzdistribuidora.com.br\/loja\/wp-json\/wp\/v2\/product\/234\/revisions"}],"predecessor-version":[{"id":7494,"href":"https:\/\/reluzdistribuidora.com.br\/loja\/wp-json\/wp\/v2\/product\/234\/revisions\/7494"}],"wp:featuredmedia":[{"embeddable":true,"href":"https:\/\/reluzdistribuidora.com.br\/loja\/wp-json\/wp\/v2\/media\/235"}],"wp:attachment":[{"href":"https:\/\/reluzdistribuidora.com.br\/loja\/wp-json\/wp\/v2\/media?parent=234"}],"wp:term":[{"taxonomy":"product_cat","embeddable":true,"href":"https:\/\/reluzdistribuidora.com.br\/loja\/wp-json\/wp\/v2\/product_cat?post=234"},{"taxonomy":"product_tag","embeddable":true,"href":"https:\/\/reluzdistribuidora.com.br\/loja\/wp-json\/wp\/v2\/product_tag?post=234"}],"curies":[{"name":"wp","href":"https:\/\/api.w.org\/{rel}","templated":true}]}}