{"id":232,"date":"2018-05-21T17:04:24","date_gmt":"2018-05-21T20:04:24","guid":{"rendered":"http:\/\/reluzdistribuidora.com.br\/loja\/?post_type=product&#038;p=232"},"modified":"2023-04-17T13:00:30","modified_gmt":"2023-04-17T16:00:30","slug":"amino-acqua-infusion-therapy","status":"publish","type":"product","link":"https:\/\/reluzdistribuidora.com.br\/loja\/produto\/amino-acqua-infusion-therapy\/","title":{"rendered":"Amino Acqua Infusion Therapy -Grandha"},"content":{"rendered":"<h1>Amino Acqua<\/h1>\n<p>\u00c1gua polarizada para vaporiza\u00e7\u00e3o, ioniza\u00e7\u00e3o, preparados cosm\u00e9ticos e outras misturas terap\u00eauticas. Sua composi\u00e7\u00e3o \u00e9 rica em PCA-Na e amino\u00e1cidos ess\u00eancias para a pele, para o couro cabeludo e tamb\u00e9m para os cabelos. Contribui para a hidrata\u00e7\u00e3o e melhora o processo de absor\u00e7\u00e3o de produtos combinados. Promove excelente associa\u00e7\u00e3o com argilas, m\u00e1scaras e outros preparados cosm\u00e9ticos.<\/p>\n","protected":false},"excerpt":{"rendered":"<p>\u00c1gua nutritiva polarizada para infus\u00f5es e misturas terap\u00eauticas.<\/p>\n","protected":false},"featured_media":233,"comment_status":"open","ping_status":"closed","template":"","meta":[],"product_cat":[491,492,489],"product_tag":[80,83,29,336],"_links":{"self":[{"href":"https:\/\/reluzdistribuidora.com.br\/loja\/wp-json\/wp\/v2\/product\/232"}],"collection":[{"href":"https:\/\/reluzdistribuidora.com.br\/loja\/wp-json\/wp\/v2\/product"}],"about":[{"href":"https:\/\/reluzdistribuidora.com.br\/loja\/wp-json\/wp\/v2\/types\/product"}],"replies":[{"embeddable":true,"href":"https:\/\/reluzdistribuidora.com.br\/loja\/wp-json\/wp\/v2\/comments?post=232"}],"version-history":[{"count":1,"href":"https:\/\/reluzdistribuidora.com.br\/loja\/wp-json\/wp\/v2\/product\/232\/revisions"}],"predecessor-version":[{"id":7495,"href":"https:\/\/reluzdistribuidora.com.br\/loja\/wp-json\/wp\/v2\/product\/232\/revisions\/7495"}],"wp:featuredmedia":[{"embeddable":true,"href":"https:\/\/reluzdistribuidora.com.br\/loja\/wp-json\/wp\/v2\/media\/233"}],"wp:attachment":[{"href":"https:\/\/reluzdistribuidora.com.br\/loja\/wp-json\/wp\/v2\/media?parent=232"}],"wp:term":[{"taxonomy":"product_cat","embeddable":true,"href":"https:\/\/reluzdistribuidora.com.br\/loja\/wp-json\/wp\/v2\/product_cat?post=232"},{"taxonomy":"product_tag","embeddable":true,"href":"https:\/\/reluzdistribuidora.com.br\/loja\/wp-json\/wp\/v2\/product_tag?post=232"}],"curies":[{"name":"wp","href":"https:\/\/api.w.org\/{rel}","templated":true}]}}