{"id":226,"date":"2018-05-21T16:51:45","date_gmt":"2018-05-21T19:51:45","guid":{"rendered":"http:\/\/reluzdistribuidora.com.br\/loja\/?post_type=product&#038;p=226"},"modified":"2023-03-06T13:28:33","modified_gmt":"2023-03-06T16:28:33","slug":"kit-straight-system","status":"publish","type":"product","link":"https:\/\/reluzdistribuidora.com.br\/loja\/produto\/kit-straight-system\/","title":{"rendered":"Kit Straight System -Grandha"},"content":{"rendered":"<div class=\"wpb_text_column wpb_content_element \">\n<div class=\"wpb_wrapper\">\n<h1>Straight System<\/h1>\n<p>O <strong>Straight System Home Care<\/strong> \u00e9 um sistema desenvolvido para o <strong>cuidado do cabelo liso<\/strong> que tenha passado por processo de <strong>alisamento ou relaxamento<\/strong> atrav\u00e9s da aplica\u00e7\u00e3o de procedimentos como o <strong>Hidr\u00f3xido de S\u00f3dio e o Hidr\u00f3xido de Guanidina<\/strong>. Al\u00e9m de hidratar os fios, proporciona tamb\u00e9m uma not\u00e1vel redu\u00e7\u00e3o e controle de volume.<\/p>\n<\/div>\n<\/div>\n<div class=\"wpb_text_column wpb_content_element \">\n<div class=\"wpb_wrapper\">\n<ul>\n<li>Cuidado di\u00e1rio do cabelo liso por alisamento ou relaxamento<\/li>\n<\/ul>\n<p><strong>Principais Ativos<\/strong><\/p>\n<ul>\n<li>\u00d3leo de Jojoba<\/li>\n<li>Queratina Complexada<\/li>\n<li>Manteiga de Cupua\u00e7u<\/li>\n<\/ul>\n<p><strong>Componentes do Kit<\/strong><\/p>\n<ul>\n<li>Straight Shampoo 300ml<\/li>\n<li>Straight Mask Conditioner 300g<\/li>\n<li>Oil Cup Leave-in 150g<\/li>\n<\/ul>\n<\/div>\n<\/div>\n","protected":false},"excerpt":{"rendered":"<p>Kit Straight System\u00a0\u00e9 ideal para a manuten\u00e7\u00e3o di\u00e1ria para cabelos alisados por relaxamentos ou formol.<\/p>\n","protected":false},"featured_media":227,"comment_status":"open","ping_status":"closed","template":"","meta":[],"product_cat":[491],"product_tag":[71,72,30,32,29,31,46,336,41,36],"_links":{"self":[{"href":"https:\/\/reluzdistribuidora.com.br\/loja\/wp-json\/wp\/v2\/product\/226"}],"collection":[{"href":"https:\/\/reluzdistribuidora.com.br\/loja\/wp-json\/wp\/v2\/product"}],"about":[{"href":"https:\/\/reluzdistribuidora.com.br\/loja\/wp-json\/wp\/v2\/types\/product"}],"replies":[{"embeddable":true,"href":"https:\/\/reluzdistribuidora.com.br\/loja\/wp-json\/wp\/v2\/comments?post=226"}],"version-history":[{"count":1,"href":"https:\/\/reluzdistribuidora.com.br\/loja\/wp-json\/wp\/v2\/product\/226\/revisions"}],"predecessor-version":[{"id":8053,"href":"https:\/\/reluzdistribuidora.com.br\/loja\/wp-json\/wp\/v2\/product\/226\/revisions\/8053"}],"wp:featuredmedia":[{"embeddable":true,"href":"https:\/\/reluzdistribuidora.com.br\/loja\/wp-json\/wp\/v2\/media\/227"}],"wp:attachment":[{"href":"https:\/\/reluzdistribuidora.com.br\/loja\/wp-json\/wp\/v2\/media?parent=226"}],"wp:term":[{"taxonomy":"product_cat","embeddable":true,"href":"https:\/\/reluzdistribuidora.com.br\/loja\/wp-json\/wp\/v2\/product_cat?post=226"},{"taxonomy":"product_tag","embeddable":true,"href":"https:\/\/reluzdistribuidora.com.br\/loja\/wp-json\/wp\/v2\/product_tag?post=226"}],"curies":[{"name":"wp","href":"https:\/\/api.w.org\/{rel}","templated":true}]}}