{"id":224,"date":"2018-05-21T16:42:44","date_gmt":"2018-05-21T19:42:44","guid":{"rendered":"http:\/\/reluzdistribuidora.com.br\/loja\/?post_type=product&#038;p=224"},"modified":"2023-03-06T13:34:43","modified_gmt":"2023-03-06T16:34:43","slug":"out-frizz-oil-repair-55ml","status":"publish","type":"product","link":"https:\/\/reluzdistribuidora.com.br\/loja\/produto\/out-frizz-oil-repair-55ml\/","title":{"rendered":"Out Frizz Oil Repair 55ml -Grandha"},"content":{"rendered":"<div class=\"wpb_text_column wpb_content_element \">\n<div class=\"wpb_wrapper\">\n<h1>Out Frizz Oil Repair<\/h1>\n<p>O <strong>Out Frizz<\/strong> atua de forma gradual e disciplinante durante o processo de\u00a0<strong>secagem dos cabelos<\/strong>. Conta com uma\u00a0<strong>mistura de especiarias naturais<\/strong> que contribui para a <strong>sa\u00fade dos cabelos<\/strong> e possui a\u00e7\u00e3o <strong>antioxidante<\/strong>.<\/p>\n<\/div>\n<\/div>\n<div class=\"wpb_text_column wpb_content_element \">\n<div class=\"wpb_wrapper\">\n<ul>\n<li><strong>Prote\u00e7\u00e3o t\u00e9rmica<\/strong> durante processos de secagem e\u00a0<strong>manuten\u00e7\u00e3o di\u00e1ria<\/strong> para controle do <strong>frizz<\/strong>, com a\u00e7\u00e3o antioxidante, \u00f3leo de jojoba e germen de trigo.<\/li>\n<\/ul>\n<\/div>\n<\/div>\n<div class=\"wpb_wrapper\"><\/div>\n<div>\n<p><strong>Principais Ativos<\/strong><\/p>\n<ul>\n<li>\u00d3leo de Jojoba<\/li>\n<li>\u00d3leo de Germem de Trigo<\/li>\n<li>Complexo Antioxidante<\/li>\n<\/ul>\n<\/div>\n","protected":false},"excerpt":{"rendered":"<p>O Out Frizz Oil Repair \u00e9 um finalizador que elimina o frizz e as pontas duplas. Munido de uma s\u00edlica protetora, \u00e9 ideal para ser usado como protetor t\u00e9rmico.<\/p>\n","protected":false},"featured_media":225,"comment_status":"open","ping_status":"closed","template":"","meta":[],"product_cat":[491],"product_tag":[32,29,336,65,66],"_links":{"self":[{"href":"https:\/\/reluzdistribuidora.com.br\/loja\/wp-json\/wp\/v2\/product\/224"}],"collection":[{"href":"https:\/\/reluzdistribuidora.com.br\/loja\/wp-json\/wp\/v2\/product"}],"about":[{"href":"https:\/\/reluzdistribuidora.com.br\/loja\/wp-json\/wp\/v2\/types\/product"}],"replies":[{"embeddable":true,"href":"https:\/\/reluzdistribuidora.com.br\/loja\/wp-json\/wp\/v2\/comments?post=224"}],"version-history":[{"count":1,"href":"https:\/\/reluzdistribuidora.com.br\/loja\/wp-json\/wp\/v2\/product\/224\/revisions"}],"predecessor-version":[{"id":7496,"href":"https:\/\/reluzdistribuidora.com.br\/loja\/wp-json\/wp\/v2\/product\/224\/revisions\/7496"}],"wp:featuredmedia":[{"embeddable":true,"href":"https:\/\/reluzdistribuidora.com.br\/loja\/wp-json\/wp\/v2\/media\/225"}],"wp:attachment":[{"href":"https:\/\/reluzdistribuidora.com.br\/loja\/wp-json\/wp\/v2\/media?parent=224"}],"wp:term":[{"taxonomy":"product_cat","embeddable":true,"href":"https:\/\/reluzdistribuidora.com.br\/loja\/wp-json\/wp\/v2\/product_cat?post=224"},{"taxonomy":"product_tag","embeddable":true,"href":"https:\/\/reluzdistribuidora.com.br\/loja\/wp-json\/wp\/v2\/product_tag?post=224"}],"curies":[{"name":"wp","href":"https:\/\/api.w.org\/{rel}","templated":true}]}}