{"id":219,"date":"2018-05-21T16:35:39","date_gmt":"2018-05-21T19:35:39","guid":{"rendered":"http:\/\/reluzdistribuidora.com.br\/loja\/?post_type=product&#038;p=219"},"modified":"2023-04-17T13:03:20","modified_gmt":"2023-04-17T16:03:20","slug":"building-fiber-20ml","status":"publish","type":"product","link":"https:\/\/reluzdistribuidora.com.br\/loja\/produto\/building-fiber-20ml\/","title":{"rendered":"Building Fiber 35ml -Grandha"},"content":{"rendered":"<div class=\"wpb_text_column wpb_content_element \">\n<div class=\"wpb_wrapper\">\n<h1>Building Fiber<\/h1>\n<p>O <strong>Building Fiber<\/strong> age sobre <strong>toda a estrutura do cabelo<\/strong>, fortalecendo as cadeias de queratina atrav\u00e9s da <strong>reconstru\u00e7\u00e3o capilar e da reposi\u00e7\u00e3o de ativos fundamentais<\/strong> \u00e0 reorganiza\u00e7\u00e3o dos fios.<\/p>\n<\/div>\n<\/div>\n<div class=\"wpb_text_column wpb_content_element \">\n<div class=\"wpb_wrapper\">\n<ul>\n<li><strong>Reconstru\u00e7\u00e3o capilar<\/strong> para problemas de <strong>porosidade<\/strong>.<\/li>\n<\/ul>\n<p><strong>Principais Ativos<\/strong><\/p>\n<ul>\n<li>Queratina Concentrada<\/li>\n<\/ul>\n<\/div>\n<\/div>\n","protected":false},"excerpt":{"rendered":"<p>O Building Fiber reconstr\u00f3i fios porosos, agindo sobre toda a estrutura do cabelo, com uma alt\u00edssima carga de queratina.<\/p>\n","protected":false},"featured_media":220,"comment_status":"open","ping_status":"closed","template":"","meta":[],"product_cat":[491],"product_tag":[74,76,29,75,336],"_links":{"self":[{"href":"https:\/\/reluzdistribuidora.com.br\/loja\/wp-json\/wp\/v2\/product\/219"}],"collection":[{"href":"https:\/\/reluzdistribuidora.com.br\/loja\/wp-json\/wp\/v2\/product"}],"about":[{"href":"https:\/\/reluzdistribuidora.com.br\/loja\/wp-json\/wp\/v2\/types\/product"}],"replies":[{"embeddable":true,"href":"https:\/\/reluzdistribuidora.com.br\/loja\/wp-json\/wp\/v2\/comments?post=219"}],"version-history":[{"count":2,"href":"https:\/\/reluzdistribuidora.com.br\/loja\/wp-json\/wp\/v2\/product\/219\/revisions"}],"predecessor-version":[{"id":8145,"href":"https:\/\/reluzdistribuidora.com.br\/loja\/wp-json\/wp\/v2\/product\/219\/revisions\/8145"}],"wp:featuredmedia":[{"embeddable":true,"href":"https:\/\/reluzdistribuidora.com.br\/loja\/wp-json\/wp\/v2\/media\/220"}],"wp:attachment":[{"href":"https:\/\/reluzdistribuidora.com.br\/loja\/wp-json\/wp\/v2\/media?parent=219"}],"wp:term":[{"taxonomy":"product_cat","embeddable":true,"href":"https:\/\/reluzdistribuidora.com.br\/loja\/wp-json\/wp\/v2\/product_cat?post=219"},{"taxonomy":"product_tag","embeddable":true,"href":"https:\/\/reluzdistribuidora.com.br\/loja\/wp-json\/wp\/v2\/product_tag?post=219"}],"curies":[{"name":"wp","href":"https:\/\/api.w.org\/{rel}","templated":true}]}}