{"id":2077,"date":"2019-02-12T16:18:41","date_gmt":"2019-02-12T18:18:41","guid":{"rendered":"https:\/\/reluzdistribuidora.com.br\/loja\/?post_type=product&#038;p=2077"},"modified":"2022-05-30T15:30:42","modified_gmt":"2022-05-30T18:30:42","slug":"brush-cleanser-limpador-de-pinceis-75ml-klass-vough","status":"publish","type":"product","link":"https:\/\/reluzdistribuidora.com.br\/loja\/produto\/brush-cleanser-limpador-de-pinceis-75ml-klass-vough\/","title":{"rendered":"Brush Cleanser Limpador de Pinc\u00e9is 75ml &#8211; Klass Vough"},"content":{"rendered":"<p>O limpador de pinc\u00e9is <strong>Brush Cleanser<\/strong> de <strong>Klass Vough<\/strong> deixa seus pinc\u00e9is limpos, macios, hidratados e secos em poucos segundos!\u00a0 Ele limpa, higieniza e hidrata as cerdas, prolongando assim a vida \u00fatil de seus pinceis e evitando a prolifera\u00e7\u00e3o de bact\u00e9rias.<\/p>\n","protected":false},"excerpt":{"rendered":"<p>Limpa e hidrata as cerdas dos pinc\u00e9is deixando uma fragr\u00e2ncia c\u00edtrica.<\/p>\n","protected":false},"featured_media":2078,"comment_status":"open","ping_status":"closed","template":"","meta":[],"product_cat":[18],"product_tag":[281,112,336],"_links":{"self":[{"href":"https:\/\/reluzdistribuidora.com.br\/loja\/wp-json\/wp\/v2\/product\/2077"}],"collection":[{"href":"https:\/\/reluzdistribuidora.com.br\/loja\/wp-json\/wp\/v2\/product"}],"about":[{"href":"https:\/\/reluzdistribuidora.com.br\/loja\/wp-json\/wp\/v2\/types\/product"}],"replies":[{"embeddable":true,"href":"https:\/\/reluzdistribuidora.com.br\/loja\/wp-json\/wp\/v2\/comments?post=2077"}],"version-history":[{"count":0,"href":"https:\/\/reluzdistribuidora.com.br\/loja\/wp-json\/wp\/v2\/product\/2077\/revisions"}],"wp:featuredmedia":[{"embeddable":true,"href":"https:\/\/reluzdistribuidora.com.br\/loja\/wp-json\/wp\/v2\/media\/2078"}],"wp:attachment":[{"href":"https:\/\/reluzdistribuidora.com.br\/loja\/wp-json\/wp\/v2\/media?parent=2077"}],"wp:term":[{"taxonomy":"product_cat","embeddable":true,"href":"https:\/\/reluzdistribuidora.com.br\/loja\/wp-json\/wp\/v2\/product_cat?post=2077"},{"taxonomy":"product_tag","embeddable":true,"href":"https:\/\/reluzdistribuidora.com.br\/loja\/wp-json\/wp\/v2\/product_tag?post=2077"}],"curies":[{"name":"wp","href":"https:\/\/api.w.org\/{rel}","templated":true}]}}