{"id":192,"date":"2018-05-21T15:30:12","date_gmt":"2018-05-21T18:30:12","guid":{"rendered":"http:\/\/reluzdistribuidora.com.br\/loja\/?post_type=product&#038;p=192"},"modified":"2023-04-17T13:21:31","modified_gmt":"2023-04-17T16:21:31","slug":"revitamax-mask-conditioner-200g","status":"publish","type":"product","link":"https:\/\/reluzdistribuidora.com.br\/loja\/produto\/revitamax-mask-conditioner-200g\/","title":{"rendered":"Revitamax Mask Conditioner 200g -Grandha"},"content":{"rendered":"<h1>Revitamax Home Care<\/h1>\n<p>A linha <strong>Revitamax Home Care<\/strong> foi desenvolvida com o objetivo de <strong>fortalecer e revitalizar<\/strong> a estrutura do cabelo <strong>danificado e do cabelo poroso<\/strong>. Possui uma formula\u00e7\u00e3o leve e de alto potencial hidratante, especialmente concebida para suprir as necessidades vitais dos cabelos.<\/p>\n<ul>\n<li>\u00c9 um produto vers\u00e1til de manuten\u00e7\u00e3o di\u00e1ria para todo tipo de cabelo, especialmente indicado para cabelos alisados com Tioglicolato de Am\u00f4nio.<\/li>\n<\/ul>\n<p><strong>Principais Ativos<\/strong><\/p>\n<ul>\n<li>Prote\u00ednas do Trigo<\/li>\n<li>Manteiga de Tucum\u00e3<\/li>\n<li>Pept\u00eddeos de Queratina<\/li>\n<\/ul>\n","protected":false},"excerpt":{"rendered":"<p>Mascara condicionante de repara\u00e7\u00e3o fortalecedora e nutritiva dos fios.<\/p>\n","protected":false},"featured_media":193,"comment_status":"open","ping_status":"closed","template":"","meta":[],"product_cat":[491],"product_tag":[53,30,55,29,46,59,58,336,57],"_links":{"self":[{"href":"https:\/\/reluzdistribuidora.com.br\/loja\/wp-json\/wp\/v2\/product\/192"}],"collection":[{"href":"https:\/\/reluzdistribuidora.com.br\/loja\/wp-json\/wp\/v2\/product"}],"about":[{"href":"https:\/\/reluzdistribuidora.com.br\/loja\/wp-json\/wp\/v2\/types\/product"}],"replies":[{"embeddable":true,"href":"https:\/\/reluzdistribuidora.com.br\/loja\/wp-json\/wp\/v2\/comments?post=192"}],"version-history":[{"count":1,"href":"https:\/\/reluzdistribuidora.com.br\/loja\/wp-json\/wp\/v2\/product\/192\/revisions"}],"predecessor-version":[{"id":7501,"href":"https:\/\/reluzdistribuidora.com.br\/loja\/wp-json\/wp\/v2\/product\/192\/revisions\/7501"}],"wp:featuredmedia":[{"embeddable":true,"href":"https:\/\/reluzdistribuidora.com.br\/loja\/wp-json\/wp\/v2\/media\/193"}],"wp:attachment":[{"href":"https:\/\/reluzdistribuidora.com.br\/loja\/wp-json\/wp\/v2\/media?parent=192"}],"wp:term":[{"taxonomy":"product_cat","embeddable":true,"href":"https:\/\/reluzdistribuidora.com.br\/loja\/wp-json\/wp\/v2\/product_cat?post=192"},{"taxonomy":"product_tag","embeddable":true,"href":"https:\/\/reluzdistribuidora.com.br\/loja\/wp-json\/wp\/v2\/product_tag?post=192"}],"curies":[{"name":"wp","href":"https:\/\/api.w.org\/{rel}","templated":true}]}}