{"id":176,"date":"2018-05-21T13:58:33","date_gmt":"2018-05-21T16:58:33","guid":{"rendered":"http:\/\/reluzdistribuidora.com.br\/loja\/?post_type=product&#038;p=176"},"modified":"2023-04-17T13:15:44","modified_gmt":"2023-04-17T16:15:44","slug":"kit-tonific-flores-vegetais","status":"publish","type":"product","link":"https:\/\/reluzdistribuidora.com.br\/loja\/produto\/kit-tonific-flores-vegetais\/","title":{"rendered":"Kit Tonific Flores &#038; Vegetais -Grandha"},"content":{"rendered":"<div class=\"wpb_text_column wpb_content_element \">\n<div class=\"wpb_wrapper\">\n<h1>Tonific Flores &amp; Vegetais<\/h1>\n<p>O kit <strong>Tonific<\/strong>, da linha de terapia capilar, <strong>Flores e Vegetais<\/strong>, \u00e9 a cl\u00e1ssica associa\u00e7\u00e3o dos extratos concentrados de <strong>aloe vera<\/strong> e<strong>ginseng<\/strong>, com um toque de <strong>\u00f3leo essencial de alecrim<\/strong> para tonificar e fortalecer os cabelos..<\/p>\n<\/div>\n<\/div>\n<div class=\"wpb_text_column wpb_content_element \">\n<div class=\"wpb_wrapper\">\n<ul>\n<li>Tonifica\u00e7\u00e3o e fortalecimento dos cabelos.<\/li>\n<\/ul>\n<div class=\"tabbable woocommerce-tabs\">\n<div class=\"tab-content\">\n<div id=\"tab-description\" class=\"tab-pane wc-tab active\">\n<div class=\"vc_row wpb_row vc_row-fluid\">\n<div class=\"wpb_column vc_column_container vc_col-sm-6\">\n<div class=\"vc_column-inner \">\n<div class=\"wpb_wrapper\">\n<div class=\"vc_message_box vc_message_box-standard vc_message_box-rounded vc_color-juicy_pink\">\n<p><strong>Principais Ativos<\/strong><\/p>\n<ul>\n<li>Aloe Vera<\/li>\n<li>Alecrim<\/li>\n<li>Ginseng<\/li>\n<\/ul>\n<\/div>\n<\/div>\n<\/div>\n<\/div>\n<\/div>\n<\/div>\n<\/div>\n<\/div>\n<p><strong>Componentes do Kit<\/strong><\/p>\n<ul>\n<li>Tonific Shampoo 300ml<\/li>\n<li>Tonific Baba D\u2019Aloe 200g<\/li>\n<li>Tonific Growing Fluid 130ml<\/li>\n<\/ul>\n<\/div>\n<\/div>\n","protected":false},"excerpt":{"rendered":"<p>Kit espec\u00edfico para\u00a0tonifica\u00e7\u00e3o e fortalecimento dos cabelos.<\/p>\n","protected":false},"featured_media":2651,"comment_status":"open","ping_status":"closed","template":"","meta":[],"product_cat":[491],"product_tag":[30,35,56,55,29,31,46,47,336,41,54,36],"_links":{"self":[{"href":"https:\/\/reluzdistribuidora.com.br\/loja\/wp-json\/wp\/v2\/product\/176"}],"collection":[{"href":"https:\/\/reluzdistribuidora.com.br\/loja\/wp-json\/wp\/v2\/product"}],"about":[{"href":"https:\/\/reluzdistribuidora.com.br\/loja\/wp-json\/wp\/v2\/types\/product"}],"replies":[{"embeddable":true,"href":"https:\/\/reluzdistribuidora.com.br\/loja\/wp-json\/wp\/v2\/comments?post=176"}],"version-history":[{"count":2,"href":"https:\/\/reluzdistribuidora.com.br\/loja\/wp-json\/wp\/v2\/product\/176\/revisions"}],"predecessor-version":[{"id":7507,"href":"https:\/\/reluzdistribuidora.com.br\/loja\/wp-json\/wp\/v2\/product\/176\/revisions\/7507"}],"wp:featuredmedia":[{"embeddable":true,"href":"https:\/\/reluzdistribuidora.com.br\/loja\/wp-json\/wp\/v2\/media\/2651"}],"wp:attachment":[{"href":"https:\/\/reluzdistribuidora.com.br\/loja\/wp-json\/wp\/v2\/media?parent=176"}],"wp:term":[{"taxonomy":"product_cat","embeddable":true,"href":"https:\/\/reluzdistribuidora.com.br\/loja\/wp-json\/wp\/v2\/product_cat?post=176"},{"taxonomy":"product_tag","embeddable":true,"href":"https:\/\/reluzdistribuidora.com.br\/loja\/wp-json\/wp\/v2\/product_tag?post=176"}],"curies":[{"name":"wp","href":"https:\/\/api.w.org\/{rel}","templated":true}]}}