{"id":170,"date":"2018-05-21T13:41:40","date_gmt":"2018-05-21T16:41:40","guid":{"rendered":"http:\/\/reluzdistribuidora.com.br\/loja\/?post_type=product&#038;p=170"},"modified":"2023-04-10T13:03:43","modified_gmt":"2023-04-10T16:03:43","slug":"refresh-shampoo-300ml","status":"publish","type":"product","link":"https:\/\/reluzdistribuidora.com.br\/loja\/produto\/refresh-shampoo-300ml\/","title":{"rendered":"Refresh Shampoo 300ml -Grandha"},"content":{"rendered":"<div class=\"wpb_text_column wpb_content_element \">\n<div class=\"wpb_wrapper\">\n<h1>Refresh Flores &amp; Vegetais<\/h1>\n<p>O kit <strong>Refresh<\/strong>, da linha de terapia capilar, <strong>Flores e Vegetais<\/strong>, combina um toque de <strong>\u00f3leo essencial de lavanda<\/strong> com os cuidados da <strong>cal\u00eandula<\/strong> e a refresc\u00e2ncia da <strong>hortel\u00e3<\/strong> para a harmoniza\u00e7\u00e3o do sistema capilar e o tratamento de cabelos fr\u00e1geis.<\/p>\n<\/div>\n<\/div>\n<div class=\"wpb_text_column wpb_content_element \">\n<div class=\"wpb_wrapper\">\n<ul>\n<li>Harmoniza\u00e7\u00e3o do sistema capilar para cabelos fr\u00e1geis e o couro cabeludo debilitado ou excessivamente oleoso<\/li>\n<\/ul>\n<p><strong>Principais Ativos<\/strong><\/p>\n<ul>\n<li>Cal\u00eandula<\/li>\n<li>Hortel\u00e3<\/li>\n<li>Lavanda<\/li>\n<\/ul>\n<\/div>\n<\/div>\n","protected":false},"excerpt":{"rendered":"<p>O Refresh Shampoo\u00a0traz um\u00a0<em>blend<\/em> que\u00a0harmoniza o sistema capilar, tratando os cabelos fr\u00e1geis e refrescando o couro cabeludo. Ideal para ser usado em conjunto com o Kit Refresh Flores &amp; Vegetais.<\/p>\n","protected":false},"featured_media":2456,"comment_status":"open","ping_status":"closed","template":"","meta":[],"product_cat":[491],"product_tag":[53,35,42,29,51,336,52,34,36],"_links":{"self":[{"href":"https:\/\/reluzdistribuidora.com.br\/loja\/wp-json\/wp\/v2\/product\/170"}],"collection":[{"href":"https:\/\/reluzdistribuidora.com.br\/loja\/wp-json\/wp\/v2\/product"}],"about":[{"href":"https:\/\/reluzdistribuidora.com.br\/loja\/wp-json\/wp\/v2\/types\/product"}],"replies":[{"embeddable":true,"href":"https:\/\/reluzdistribuidora.com.br\/loja\/wp-json\/wp\/v2\/comments?post=170"}],"version-history":[{"count":1,"href":"https:\/\/reluzdistribuidora.com.br\/loja\/wp-json\/wp\/v2\/product\/170\/revisions"}],"predecessor-version":[{"id":7510,"href":"https:\/\/reluzdistribuidora.com.br\/loja\/wp-json\/wp\/v2\/product\/170\/revisions\/7510"}],"wp:featuredmedia":[{"embeddable":true,"href":"https:\/\/reluzdistribuidora.com.br\/loja\/wp-json\/wp\/v2\/media\/2456"}],"wp:attachment":[{"href":"https:\/\/reluzdistribuidora.com.br\/loja\/wp-json\/wp\/v2\/media?parent=170"}],"wp:term":[{"taxonomy":"product_cat","embeddable":true,"href":"https:\/\/reluzdistribuidora.com.br\/loja\/wp-json\/wp\/v2\/product_cat?post=170"},{"taxonomy":"product_tag","embeddable":true,"href":"https:\/\/reluzdistribuidora.com.br\/loja\/wp-json\/wp\/v2\/product_tag?post=170"}],"curies":[{"name":"wp","href":"https:\/\/api.w.org\/{rel}","templated":true}]}}