{"id":158,"date":"2018-05-21T11:40:49","date_gmt":"2018-05-21T14:40:49","guid":{"rendered":"http:\/\/reluzdistribuidora.com.br\/loja\/?post_type=product&#038;p=158"},"modified":"2023-04-10T13:04:47","modified_gmt":"2023-04-10T16:04:47","slug":"soft-mind-shampoo-250ml-urbano-spa-blue","status":"publish","type":"product","link":"https:\/\/reluzdistribuidora.com.br\/loja\/produto\/soft-mind-shampoo-250ml-urbano-spa-blue\/","title":{"rendered":"Soft Mind Shampoo 250ml -Urbano Spa Blue -Grandha"},"content":{"rendered":"<div class=\"wpb_text_column wpb_content_element \">\n<div class=\"wpb_wrapper\">\n<h1>Urbano Spa<\/h1>\n<p>O <strong>Urbano Spa Hair Therapy<\/strong> \u00e9 uma composi\u00e7\u00e3o de benef\u00edcios exclusivos que promove <strong>limpeza extrema<\/strong> e uma completa <strong>terapia capilar\u00a0<\/strong>com\u00a0<strong>reposi\u00e7\u00e3o de queratina<\/strong>.<\/p>\n<\/div>\n<\/div>\n<div class=\"wpb_text_column wpb_content_element \">\n<div class=\"wpb_wrapper\">\n<ul>\n<li>Combate \u00e0 <strong>queda capilar<\/strong><\/li>\n<\/ul>\n<ul>\n<li>Equil\u00edbrio <strong>hormonal e metab\u00f3lico<\/strong><\/li>\n<\/ul>\n<ul>\n<li><strong>Oleosidade<\/strong> excessiva<\/li>\n<\/ul>\n<p><strong>Principais Ativos<\/strong><\/p>\n<ul>\n<li>Argila Verde<\/li>\n<li>\u00c1cido Hialur\u00f4nico<\/li>\n<li>Prodew-500<\/li>\n<li>Flavononas de Hortel\u00e3<\/li>\n<\/ul>\n<\/div>\n<\/div>\n","protected":false},"excerpt":{"rendered":"<p>O Soft Mind Shampoo faz parte de um kit de terapia capilar para caspas, queda capilar, calv\u00edcie e alopecias.<\/p>\n","protected":false},"featured_media":159,"comment_status":"open","ping_status":"closed","template":"","meta":[],"product_cat":[491],"product_tag":[37,44,38,39,35,42,29,45,47,336,48,34,36,49],"_links":{"self":[{"href":"https:\/\/reluzdistribuidora.com.br\/loja\/wp-json\/wp\/v2\/product\/158"}],"collection":[{"href":"https:\/\/reluzdistribuidora.com.br\/loja\/wp-json\/wp\/v2\/product"}],"about":[{"href":"https:\/\/reluzdistribuidora.com.br\/loja\/wp-json\/wp\/v2\/types\/product"}],"replies":[{"embeddable":true,"href":"https:\/\/reluzdistribuidora.com.br\/loja\/wp-json\/wp\/v2\/comments?post=158"}],"version-history":[{"count":1,"href":"https:\/\/reluzdistribuidora.com.br\/loja\/wp-json\/wp\/v2\/product\/158\/revisions"}],"predecessor-version":[{"id":7515,"href":"https:\/\/reluzdistribuidora.com.br\/loja\/wp-json\/wp\/v2\/product\/158\/revisions\/7515"}],"wp:featuredmedia":[{"embeddable":true,"href":"https:\/\/reluzdistribuidora.com.br\/loja\/wp-json\/wp\/v2\/media\/159"}],"wp:attachment":[{"href":"https:\/\/reluzdistribuidora.com.br\/loja\/wp-json\/wp\/v2\/media?parent=158"}],"wp:term":[{"taxonomy":"product_cat","embeddable":true,"href":"https:\/\/reluzdistribuidora.com.br\/loja\/wp-json\/wp\/v2\/product_cat?post=158"},{"taxonomy":"product_tag","embeddable":true,"href":"https:\/\/reluzdistribuidora.com.br\/loja\/wp-json\/wp\/v2\/product_tag?post=158"}],"curies":[{"name":"wp","href":"https:\/\/api.w.org\/{rel}","templated":true}]}}