{"id":1366,"date":"2018-07-31T15:56:52","date_gmt":"2018-07-31T18:56:52","guid":{"rendered":"http:\/\/reluzdistribuidora.com.br\/loja\/?post_type=product&#038;p=1366"},"modified":"2023-04-10T12:46:14","modified_gmt":"2023-04-10T15:46:14","slug":"oleo-vegetal-puro-de-semente-de-uva-50ml-grandha","status":"publish","type":"product","link":"https:\/\/reluzdistribuidora.com.br\/loja\/produto\/oleo-vegetal-puro-de-semente-de-uva-50ml-grandha\/","title":{"rendered":"\u00d3leo Vegetal Puro de Semente de Uva 50ml -Grandha"},"content":{"rendered":"<p>Os \u00f3leos vegetais de Alkymia di Grandha s\u00e3o integrais e n\u00e3o possuem qualquer adi\u00e7\u00e3o de corantes, conservantes ou complementos de fragr\u00e2ncias. Os \u00f3leos vegetais possuem fun\u00e7\u00f5es espec\u00edficas. O uso correto deste produto oferece prote\u00e7\u00e3o, nutri\u00e7\u00e3o, maciez e vitalidade para a pele e para os cabelos.<\/p>\n<p><strong>Propriedades:<\/strong><\/p>\n<ul>\n<li>Adstringente<\/li>\n<li>Controle da acne<\/li>\n<li>Hidratante<\/li>\n<li>Estimulante para o crescimento capilar<\/li>\n<li>Fortalece<\/li>\n<li>Combate a caspa<\/li>\n<\/ul>\n","protected":false},"excerpt":{"rendered":"<p>\u00d3leo Vegetal puro e natural de Jojoba<\/p>\n","protected":false},"featured_media":1367,"comment_status":"open","ping_status":"closed","template":"","meta":[],"product_cat":[491,492,489,500],"product_tag":[56,29,104,62,138,336],"_links":{"self":[{"href":"https:\/\/reluzdistribuidora.com.br\/loja\/wp-json\/wp\/v2\/product\/1366"}],"collection":[{"href":"https:\/\/reluzdistribuidora.com.br\/loja\/wp-json\/wp\/v2\/product"}],"about":[{"href":"https:\/\/reluzdistribuidora.com.br\/loja\/wp-json\/wp\/v2\/types\/product"}],"replies":[{"embeddable":true,"href":"https:\/\/reluzdistribuidora.com.br\/loja\/wp-json\/wp\/v2\/comments?post=1366"}],"version-history":[{"count":1,"href":"https:\/\/reluzdistribuidora.com.br\/loja\/wp-json\/wp\/v2\/product\/1366\/revisions"}],"predecessor-version":[{"id":7755,"href":"https:\/\/reluzdistribuidora.com.br\/loja\/wp-json\/wp\/v2\/product\/1366\/revisions\/7755"}],"wp:featuredmedia":[{"embeddable":true,"href":"https:\/\/reluzdistribuidora.com.br\/loja\/wp-json\/wp\/v2\/media\/1367"}],"wp:attachment":[{"href":"https:\/\/reluzdistribuidora.com.br\/loja\/wp-json\/wp\/v2\/media?parent=1366"}],"wp:term":[{"taxonomy":"product_cat","embeddable":true,"href":"https:\/\/reluzdistribuidora.com.br\/loja\/wp-json\/wp\/v2\/product_cat?post=1366"},{"taxonomy":"product_tag","embeddable":true,"href":"https:\/\/reluzdistribuidora.com.br\/loja\/wp-json\/wp\/v2\/product_tag?post=1366"}],"curies":[{"name":"wp","href":"https:\/\/api.w.org\/{rel}","templated":true}]}}