{"id":1362,"date":"2018-07-31T15:39:53","date_gmt":"2018-07-31T18:39:53","guid":{"rendered":"http:\/\/reluzdistribuidora.com.br\/loja\/?post_type=product&#038;p=1362"},"modified":"2023-01-16T11:18:12","modified_gmt":"2023-01-16T14:18:12","slug":"oleo-essencial-puro-de-limao-siciliano-10ml-grandha","status":"publish","type":"product","link":"https:\/\/reluzdistribuidora.com.br\/loja\/produto\/oleo-essencial-puro-de-limao-siciliano-10ml-grandha\/","title":{"rendered":"\u00d3leo Essencial Puro de Lim\u00e3o Siciliano 10ml -Grandha"},"content":{"rendered":"<p><strong>Alkymia di Grandha<\/strong> oferece diversos \u00f3leos essenciais para uso e aplica\u00e7\u00e3o em massagens e terapias complementares. Os \u00f3leos essenciais de Alkymia di Grandha s\u00e3o integrais e n\u00e3o possuem qualquer adi\u00e7\u00e3o de corantes, conservantes ou complementos de frag\u00e2ncias.<\/p>\n<p><strong>Benef\u00edcios do \u00f3leo de Lim\u00e3o Siciliano\u00a0<\/strong><\/p>\n<p>Antiss\u00e9ptico, grande a\u00e7\u00e3o bactericida, antivir\u00f3tico, anti-infeccioso, imunoestimulante, depurativo, adstringente e verm\u00edfugo.<\/p>\n","protected":false},"excerpt":{"rendered":"<p>Sua aplica\u00e7\u00e3o contempla centenas de possibilidades de rituais cosm\u00e9ticos e terap\u00eauticos.<\/p>\n","protected":false},"featured_media":1363,"comment_status":"open","ping_status":"closed","template":"","meta":[],"product_cat":[491,501,492,489],"product_tag":[230,232,29,62,336],"_links":{"self":[{"href":"https:\/\/reluzdistribuidora.com.br\/loja\/wp-json\/wp\/v2\/product\/1362"}],"collection":[{"href":"https:\/\/reluzdistribuidora.com.br\/loja\/wp-json\/wp\/v2\/product"}],"about":[{"href":"https:\/\/reluzdistribuidora.com.br\/loja\/wp-json\/wp\/v2\/types\/product"}],"replies":[{"embeddable":true,"href":"https:\/\/reluzdistribuidora.com.br\/loja\/wp-json\/wp\/v2\/comments?post=1362"}],"version-history":[{"count":1,"href":"https:\/\/reluzdistribuidora.com.br\/loja\/wp-json\/wp\/v2\/product\/1362\/revisions"}],"predecessor-version":[{"id":7460,"href":"https:\/\/reluzdistribuidora.com.br\/loja\/wp-json\/wp\/v2\/product\/1362\/revisions\/7460"}],"wp:featuredmedia":[{"embeddable":true,"href":"https:\/\/reluzdistribuidora.com.br\/loja\/wp-json\/wp\/v2\/media\/1363"}],"wp:attachment":[{"href":"https:\/\/reluzdistribuidora.com.br\/loja\/wp-json\/wp\/v2\/media?parent=1362"}],"wp:term":[{"taxonomy":"product_cat","embeddable":true,"href":"https:\/\/reluzdistribuidora.com.br\/loja\/wp-json\/wp\/v2\/product_cat?post=1362"},{"taxonomy":"product_tag","embeddable":true,"href":"https:\/\/reluzdistribuidora.com.br\/loja\/wp-json\/wp\/v2\/product_tag?post=1362"}],"curies":[{"name":"wp","href":"https:\/\/api.w.org\/{rel}","templated":true}]}}