{"id":1360,"date":"2018-07-31T15:32:39","date_gmt":"2018-07-31T18:32:39","guid":{"rendered":"http:\/\/reluzdistribuidora.com.br\/loja\/?post_type=product&#038;p=1360"},"modified":"2022-10-17T16:25:59","modified_gmt":"2022-10-17T19:25:59","slug":"oleo-essencial-puro-de-anis-estrelado-10ml-grandha","status":"publish","type":"product","link":"https:\/\/reluzdistribuidora.com.br\/loja\/produto\/oleo-essencial-puro-de-anis-estrelado-10ml-grandha\/","title":{"rendered":"\u00d3leo Essencial Puro de Anis Estrelado 10ml -Grandha"},"content":{"rendered":"<p><strong>Alkymia di Grandha<\/strong> oferece diversos \u00f3leos essenciais para uso e aplica\u00e7\u00e3o em massagens e terapias complementares. Os \u00f3leos essenciais de Alkymia di Grandha s\u00e3o integrais e n\u00e3o possuem qualquer adi\u00e7\u00e3o de corantes, conservantes ou complementos de frag\u00e2ncias.<\/p>\n<p><strong>Benef\u00edcios do \u00f3leo de Anis Estrelado\u00a0<\/strong><\/p>\n<p>\u00c9 utilizado na aromaterapia para o relaxamento do sistema nervoso e estimulante do sono. Tem aplica\u00e7\u00e3o antiss\u00e9ptica e \u00e9 um excelente antiespasm\u00f3dico, ou seja, quando utilizado em massagens, relaxa estes tipos de contra\u00e7\u00f5es como c\u00f3licas e c\u00e3ibras.<\/p>\n","protected":false},"excerpt":{"rendered":"<p>Sua aplica\u00e7\u00e3o contempla centenas de possibilidades de rituais cosm\u00e9ticos e terap\u00eauticos.<\/p>\n","protected":false},"featured_media":1361,"comment_status":"open","ping_status":"closed","template":"","meta":[],"product_cat":[491,501,492,489],"product_tag":[29,62,231,336],"_links":{"self":[{"href":"https:\/\/reluzdistribuidora.com.br\/loja\/wp-json\/wp\/v2\/product\/1360"}],"collection":[{"href":"https:\/\/reluzdistribuidora.com.br\/loja\/wp-json\/wp\/v2\/product"}],"about":[{"href":"https:\/\/reluzdistribuidora.com.br\/loja\/wp-json\/wp\/v2\/types\/product"}],"replies":[{"embeddable":true,"href":"https:\/\/reluzdistribuidora.com.br\/loja\/wp-json\/wp\/v2\/comments?post=1360"}],"version-history":[{"count":1,"href":"https:\/\/reluzdistribuidora.com.br\/loja\/wp-json\/wp\/v2\/product\/1360\/revisions"}],"predecessor-version":[{"id":7461,"href":"https:\/\/reluzdistribuidora.com.br\/loja\/wp-json\/wp\/v2\/product\/1360\/revisions\/7461"}],"wp:featuredmedia":[{"embeddable":true,"href":"https:\/\/reluzdistribuidora.com.br\/loja\/wp-json\/wp\/v2\/media\/1361"}],"wp:attachment":[{"href":"https:\/\/reluzdistribuidora.com.br\/loja\/wp-json\/wp\/v2\/media?parent=1360"}],"wp:term":[{"taxonomy":"product_cat","embeddable":true,"href":"https:\/\/reluzdistribuidora.com.br\/loja\/wp-json\/wp\/v2\/product_cat?post=1360"},{"taxonomy":"product_tag","embeddable":true,"href":"https:\/\/reluzdistribuidora.com.br\/loja\/wp-json\/wp\/v2\/product_tag?post=1360"}],"curies":[{"name":"wp","href":"https:\/\/api.w.org\/{rel}","templated":true}]}}