{"id":1256,"date":"2018-06-26T11:54:27","date_gmt":"2018-06-26T14:54:27","guid":{"rendered":"http:\/\/reluzdistribuidora.com.br\/loja\/?post_type=product&#038;p=1256"},"modified":"2023-03-06T13:21:40","modified_gmt":"2023-03-06T16:21:40","slug":"fluido-modelador-vector-force-web-reconstructor-300ml-grandha","status":"publish","type":"product","link":"https:\/\/reluzdistribuidora.com.br\/loja\/produto\/fluido-modelador-vector-force-web-reconstructor-300ml-grandha\/","title":{"rendered":"Fluido Modelador Vector Force Web Reconstructor 300ml -Grandha"},"content":{"rendered":"<p>\u00c9 um fluido composto de ampla capacidade reconstrutora e modeladora dos cabelos ondulados e cacheados. \u00a0Sua formula\u00e7\u00e3o acompanha uma dosagem extra de amino\u00e1cidos essenciais \u00e1 estrutura dos cabelos com uma poderosa associa\u00e7\u00e3o polim\u00e9rica que promove contra\u00e7\u00e3o, defini\u00e7\u00e3o e controle das mais variadas formas de ondas e cachos.<\/p>\n","protected":false},"excerpt":{"rendered":"<p>Flu\u00eddo modelados com a\u00e7\u00e3o reconstrutora de alto desempenho. Com dosagem extra de amino\u00e1cidos essenciais com pol\u00edmeros de contra\u00e7\u00e3o.<\/p>\n","protected":false},"featured_media":1257,"comment_status":"open","ping_status":"closed","template":"","meta":[],"product_cat":[491],"product_tag":[195,32,209,29,31,75,336],"_links":{"self":[{"href":"https:\/\/reluzdistribuidora.com.br\/loja\/wp-json\/wp\/v2\/product\/1256"}],"collection":[{"href":"https:\/\/reluzdistribuidora.com.br\/loja\/wp-json\/wp\/v2\/product"}],"about":[{"href":"https:\/\/reluzdistribuidora.com.br\/loja\/wp-json\/wp\/v2\/types\/product"}],"replies":[{"embeddable":true,"href":"https:\/\/reluzdistribuidora.com.br\/loja\/wp-json\/wp\/v2\/comments?post=1256"}],"version-history":[{"count":1,"href":"https:\/\/reluzdistribuidora.com.br\/loja\/wp-json\/wp\/v2\/product\/1256\/revisions"}],"predecessor-version":[{"id":7464,"href":"https:\/\/reluzdistribuidora.com.br\/loja\/wp-json\/wp\/v2\/product\/1256\/revisions\/7464"}],"wp:featuredmedia":[{"embeddable":true,"href":"https:\/\/reluzdistribuidora.com.br\/loja\/wp-json\/wp\/v2\/media\/1257"}],"wp:attachment":[{"href":"https:\/\/reluzdistribuidora.com.br\/loja\/wp-json\/wp\/v2\/media?parent=1256"}],"wp:term":[{"taxonomy":"product_cat","embeddable":true,"href":"https:\/\/reluzdistribuidora.com.br\/loja\/wp-json\/wp\/v2\/product_cat?post=1256"},{"taxonomy":"product_tag","embeddable":true,"href":"https:\/\/reluzdistribuidora.com.br\/loja\/wp-json\/wp\/v2\/product_tag?post=1256"}],"curies":[{"name":"wp","href":"https:\/\/api.w.org\/{rel}","templated":true}]}}