{"id":1248,"date":"2018-06-26T11:29:20","date_gmt":"2018-06-26T14:29:20","guid":{"rendered":"http:\/\/reluzdistribuidora.com.br\/loja\/?post_type=product&#038;p=1248"},"modified":"2024-03-19T18:28:11","modified_gmt":"2024-03-19T21:28:11","slug":"condicionador-vector-force-conditioner-500g-grandha","status":"publish","type":"product","link":"https:\/\/reluzdistribuidora.com.br\/loja\/produto\/condicionador-vector-force-conditioner-500g-grandha\/","title":{"rendered":"Condicionador Vector Force Conditioner 500g -Grandha"},"content":{"rendered":"<p>O\u00a0<strong>Vector Force Conditioner\u00a0<\/strong>foi especialmente projetado para regularizar o n\u00edvel hidrolip\u00eddico \u00a0da fibra capilar, proporcionando uma melhor forma\u00e7\u00e3o de cachos e ondas. Sua composi\u00e7\u00e3o estabelece estabelece forte conex\u00e3o entre o Extrato de Aloe Vera e as especiarias da amaz\u00f4nia, que juntas exercem equil\u00edbrio f\u00edsico-qu\u00edmico e viabilizam um cabelo mais macio e disciplinado, onde brilho e textura se encontram para destacar a beleza das ondas e dos cachos.<\/p>\n<p>&nbsp;<\/p>\n","protected":false},"excerpt":{"rendered":"<p>Reposi\u00e7\u00e3o lip\u00eddica para favorecimento dos cachos.<\/p>\n","protected":false},"featured_media":1249,"comment_status":"open","ping_status":"closed","template":"","meta":[],"product_cat":[491],"product_tag":[195,25,30,29,336],"_links":{"self":[{"href":"https:\/\/reluzdistribuidora.com.br\/loja\/wp-json\/wp\/v2\/product\/1248"}],"collection":[{"href":"https:\/\/reluzdistribuidora.com.br\/loja\/wp-json\/wp\/v2\/product"}],"about":[{"href":"https:\/\/reluzdistribuidora.com.br\/loja\/wp-json\/wp\/v2\/types\/product"}],"replies":[{"embeddable":true,"href":"https:\/\/reluzdistribuidora.com.br\/loja\/wp-json\/wp\/v2\/comments?post=1248"}],"version-history":[{"count":1,"href":"https:\/\/reluzdistribuidora.com.br\/loja\/wp-json\/wp\/v2\/product\/1248\/revisions"}],"predecessor-version":[{"id":7467,"href":"https:\/\/reluzdistribuidora.com.br\/loja\/wp-json\/wp\/v2\/product\/1248\/revisions\/7467"}],"wp:featuredmedia":[{"embeddable":true,"href":"https:\/\/reluzdistribuidora.com.br\/loja\/wp-json\/wp\/v2\/media\/1249"}],"wp:attachment":[{"href":"https:\/\/reluzdistribuidora.com.br\/loja\/wp-json\/wp\/v2\/media?parent=1248"}],"wp:term":[{"taxonomy":"product_cat","embeddable":true,"href":"https:\/\/reluzdistribuidora.com.br\/loja\/wp-json\/wp\/v2\/product_cat?post=1248"},{"taxonomy":"product_tag","embeddable":true,"href":"https:\/\/reluzdistribuidora.com.br\/loja\/wp-json\/wp\/v2\/product_tag?post=1248"}],"curies":[{"name":"wp","href":"https:\/\/api.w.org\/{rel}","templated":true}]}}