{"id":114,"date":"2018-05-16T20:49:31","date_gmt":"2018-05-16T23:49:31","guid":{"rendered":"http:\/\/reluzdistribuidora.com.br\/loja\/?post_type=product&#038;p=114"},"modified":"2024-04-12T18:01:39","modified_gmt":"2024-04-12T21:01:39","slug":"kit-urbano-spa-hair-therapy","status":"publish","type":"product","link":"https:\/\/reluzdistribuidora.com.br\/loja\/produto\/kit-urbano-spa-hair-therapy\/","title":{"rendered":"KIT URBANO SPA HAIR THERAPY -Grandha"},"content":{"rendered":"<p>O <strong>Urbano Spa Blue Hair Therapy<\/strong> \u00e9 uma composi\u00e7\u00e3o de benef\u00edcios exclusivos que promove limpeza extrema e uma completa terapia capilar que <strong>melhora as atividades bi\u00f3ticas do fol\u00edculo piloso<\/strong>, restabelecendo o equil\u00edbrio din\u00e2mico do processo de reposi\u00e7\u00e3o de queratina durante a <strong>fase noturna<\/strong> de descanso<\/p>\n<p>&nbsp;<\/p>\n<p><strong>Principais Ativos<\/strong><\/p>\n<ul>\n<li>Argila Verde<\/li>\n<li>\u00c1cido Hialur\u00f4nico<\/li>\n<li>Prodew-500<\/li>\n<li>Flavononas de Hortel\u00e3<\/li>\n<\/ul>\n<p><strong>Componentes do Kit<\/strong><\/p>\n<ul>\n<li>Cleaner Gel Pre-Shampoo 120g<\/li>\n<li>Soft Mind Shampoo 250ml<\/li>\n<li>Vital Energy Scalp Therapy 120g<\/li>\n<li>Amino Complex Hair Therapy 250ml<\/li>\n<\/ul>\n","protected":false},"excerpt":{"rendered":"<p>&nbsp;<\/p>\n<p>Combate \u00e0 queda capilar<br \/>\nEquil\u00edbrio hormonal e metab\u00f3lico<br \/>\nOleosidade excessiva<\/p>\n","protected":false},"featured_media":8313,"comment_status":"open","ping_status":"closed","template":"","meta":[],"product_cat":[491],"product_tag":[44,29,47,336,34,36],"_links":{"self":[{"href":"https:\/\/reluzdistribuidora.com.br\/loja\/wp-json\/wp\/v2\/product\/114"}],"collection":[{"href":"https:\/\/reluzdistribuidora.com.br\/loja\/wp-json\/wp\/v2\/product"}],"about":[{"href":"https:\/\/reluzdistribuidora.com.br\/loja\/wp-json\/wp\/v2\/types\/product"}],"replies":[{"embeddable":true,"href":"https:\/\/reluzdistribuidora.com.br\/loja\/wp-json\/wp\/v2\/comments?post=114"}],"version-history":[{"count":2,"href":"https:\/\/reluzdistribuidora.com.br\/loja\/wp-json\/wp\/v2\/product\/114\/revisions"}],"predecessor-version":[{"id":7881,"href":"https:\/\/reluzdistribuidora.com.br\/loja\/wp-json\/wp\/v2\/product\/114\/revisions\/7881"}],"wp:featuredmedia":[{"embeddable":true,"href":"https:\/\/reluzdistribuidora.com.br\/loja\/wp-json\/wp\/v2\/media\/8313"}],"wp:attachment":[{"href":"https:\/\/reluzdistribuidora.com.br\/loja\/wp-json\/wp\/v2\/media?parent=114"}],"wp:term":[{"taxonomy":"product_cat","embeddable":true,"href":"https:\/\/reluzdistribuidora.com.br\/loja\/wp-json\/wp\/v2\/product_cat?post=114"},{"taxonomy":"product_tag","embeddable":true,"href":"https:\/\/reluzdistribuidora.com.br\/loja\/wp-json\/wp\/v2\/product_tag?post=114"}],"curies":[{"name":"wp","href":"https:\/\/api.w.org\/{rel}","templated":true}]}}