{"id":2478,"date":"2019-06-24T15:19:38","date_gmt":"2019-06-24T18:19:38","guid":{"rendered":"https:\/\/reluzdistribuidora.com.br\/loja\/?page_id=2478"},"modified":"2019-06-24T15:22:33","modified_gmt":"2019-06-24T18:22:33","slug":"catalogo","status":"publish","type":"page","link":"https:\/\/reluzdistribuidora.com.br\/loja\/catalogo\/","title":{"rendered":"Cat\u00e1logo"},"content":{"rendered":"<p>Em breve voc\u00ea poder\u00e1 baixar nossos cat\u00e1logos completos.<\/p>\n<p>Estamos finalizando pra voc\u00ea =)<\/p>\n<p>Volte em breve!<\/p>\n","protected":false},"excerpt":{"rendered":"<p>Em breve voc\u00ea poder\u00e1 baixar nossos cat\u00e1logos completos. Estamos finalizando pra voc\u00ea =) Volte em breve!<\/p>\n","protected":false},"author":1,"featured_media":0,"parent":0,"menu_order":0,"comment_status":"closed","ping_status":"closed","template":"","meta":[],"_links":{"self":[{"href":"https:\/\/reluzdistribuidora.com.br\/loja\/wp-json\/wp\/v2\/pages\/2478"}],"collection":[{"href":"https:\/\/reluzdistribuidora.com.br\/loja\/wp-json\/wp\/v2\/pages"}],"about":[{"href":"https:\/\/reluzdistribuidora.com.br\/loja\/wp-json\/wp\/v2\/types\/page"}],"author":[{"embeddable":true,"href":"https:\/\/reluzdistribuidora.com.br\/loja\/wp-json\/wp\/v2\/users\/1"}],"replies":[{"embeddable":true,"href":"https:\/\/reluzdistribuidora.com.br\/loja\/wp-json\/wp\/v2\/comments?post=2478"}],"version-history":[{"count":2,"href":"https:\/\/reluzdistribuidora.com.br\/loja\/wp-json\/wp\/v2\/pages\/2478\/revisions"}],"predecessor-version":[{"id":2481,"href":"https:\/\/reluzdistribuidora.com.br\/loja\/wp-json\/wp\/v2\/pages\/2478\/revisions\/2481"}],"wp:attachment":[{"href":"https:\/\/reluzdistribuidora.com.br\/loja\/wp-json\/wp\/v2\/media?parent=2478"}],"curies":[{"name":"wp","href":"https:\/\/api.w.org\/{rel}","templated":true}]}}