{"id":2,"date":"2018-05-15T18:14:15","date_gmt":"2018-05-15T21:14:15","guid":{"rendered":"http:\/\/reluzdistribuidora.com.br\/loja\/?page_id=2"},"modified":"2021-07-01T17:41:57","modified_gmt":"2021-07-01T20:41:57","slug":"a-reluz","status":"publish","type":"page","link":"https:\/\/reluzdistribuidora.com.br\/loja\/a-reluz\/","title":{"rendered":"A Reluz"},"content":{"rendered":"<p>Reluz Distribuidora \u00e9 uma empresa que atua na distribui\u00e7\u00e3o de cosm\u00e9ticos para profissionais e consumidores finais h\u00e1 20 anos.<br \/>\nTemos loja f\u00edsica no centro de Santo Andr\u00e9, atendemos e entregamos em todos o Brasil.<br \/>\nNosso compromisso: Buscar conhecimento profissional para orientar o nosso cliente a fazer a escolha certa, que atender\u00e1 as necessidades.<\/p>\n<h2>ENDERE\u00c7O<\/h2>\n<p>Rua Ces\u00e1rio Mota 292 &#8211; Centro &#8211; Santo Andr\u00e9 &#8211; SP<\/p>\n<p><iframe loading=\"lazy\" style=\"border: 0;\" src=\"https:\/\/www.google.com\/maps\/embed?pb=!1m18!1m12!1m3!1d3654.47088007979!2d-46.52788118502051!3d-23.659112984634472!2m3!1f0!2f0!3f0!3m2!1i1024!2i768!4f13.1!3m3!1m2!1s0x94ce42861f1c4bf9%3A0x272a14978d83cb3c!2sR.+Ces%C3%A1rio+Mota%2C+292+-+Centro%2C+Santo+Andr%C3%A9+-+SP%2C+09010-100!5e0!3m2!1spt-BR!2sbr!4v1526510292541\" width=\"600\" height=\"450\" frameborder=\"0\" allowfullscreen=\"allowfullscreen\"><\/iframe><\/p>\n<h2>O QUE FAZEMOS?<\/h2>\n<div class=\"col-md-3 col-sm-3 col-xs-6 services-grids\">\n<h4>Cuidados com o cabelo<\/h4>\n<\/div>\n<div class=\"col-md-3 col-sm-3 col-xs-6 services-grids\">\n<div class=\"w3agile-servs-img\">\n<h4>Cursos Profissionais<\/h4>\n<\/div>\n<\/div>\n<div class=\"col-md-3 col-sm-3 col-xs-6 services-grids\">\n<div class=\"w3agile-servs-img\">\n<h4>Venda de Produtos<\/h4>\n<\/div>\n<\/div>\n<div class=\"col-md-3 col-sm-3 col-xs-6 services-grids\">\n<div class=\"w3agile-servs-img\">\n<h4>Maquiagem Profissional<\/h4>\n<\/div>\n<\/div>\n","protected":false},"excerpt":{"rendered":"<p>Reluz Distribuidora \u00e9 uma empresa que atua na distribui\u00e7\u00e3o de cosm\u00e9ticos para profissionais e consumidores finais h\u00e1 20 anos. Temos loja f\u00edsica no centro de Santo Andr\u00e9, atendemos e entregamos em todos o Brasil. Nosso compromisso: Buscar conhecimento profissional para orientar o nosso cliente a fazer a escolha certa, que atender\u00e1 as necessidades. ENDERE\u00c7O Rua [&hellip;]<\/p>\n","protected":false},"author":1,"featured_media":0,"parent":0,"menu_order":0,"comment_status":"closed","ping_status":"open","template":"","meta":[],"_links":{"self":[{"href":"https:\/\/reluzdistribuidora.com.br\/loja\/wp-json\/wp\/v2\/pages\/2"}],"collection":[{"href":"https:\/\/reluzdistribuidora.com.br\/loja\/wp-json\/wp\/v2\/pages"}],"about":[{"href":"https:\/\/reluzdistribuidora.com.br\/loja\/wp-json\/wp\/v2\/types\/page"}],"author":[{"embeddable":true,"href":"https:\/\/reluzdistribuidora.com.br\/loja\/wp-json\/wp\/v2\/users\/1"}],"replies":[{"embeddable":true,"href":"https:\/\/reluzdistribuidora.com.br\/loja\/wp-json\/wp\/v2\/comments?post=2"}],"version-history":[{"count":6,"href":"https:\/\/reluzdistribuidora.com.br\/loja\/wp-json\/wp\/v2\/pages\/2\/revisions"}],"predecessor-version":[{"id":6159,"href":"https:\/\/reluzdistribuidora.com.br\/loja\/wp-json\/wp\/v2\/pages\/2\/revisions\/6159"}],"wp:attachment":[{"href":"https:\/\/reluzdistribuidora.com.br\/loja\/wp-json\/wp\/v2\/media?parent=2"}],"curies":[{"name":"wp","href":"https:\/\/api.w.org\/{rel}","templated":true}]}}